{"id":5,"date":"2019-08-22T08:45:37","date_gmt":"2019-08-22T08:45:37","guid":{"rendered":"http:\/\/lionsclubpirna.de\/?page_id=5"},"modified":"2026-04-17T09:55:48","modified_gmt":"2026-04-17T09:55:48","slug":"home","status":"publish","type":"page","link":"https:\/\/lionsclubpirna.de\/","title":{"rendered":"Home"},"content":{"rendered":"\t\t<div data-elementor-type=\"wp-page\" data-elementor-id=\"5\" class=\"elementor elementor-5\">\n\t\t\t\t\t\t<section class=\"elementor-section elementor-top-section elementor-element elementor-element-579021c elementor-section-full_width elementor-section-height-default elementor-section-height-default\" data-id=\"579021c\" data-element_type=\"section\" data-e-type=\"section\">\n\t\t\t\t\t\t<div class=\"elementor-container elementor-column-gap-default\">\n\t\t\t\t\t<div class=\"elementor-column elementor-col-100 elementor-top-column elementor-element elementor-element-00fb1ff\" data-id=\"00fb1ff\" data-element_type=\"column\" data-e-type=\"column\">\n\t\t\t<div class=\"elementor-widget-wrap elementor-element-populated\">\n\t\t\t\t\t\t<div class=\"elementor-element elementor-element-3be2679 elementor-widget elementor-widget-heading\" data-id=\"3be2679\" data-element_type=\"widget\" data-e-type=\"widget\" data-widget_type=\"heading.default\">\n\t\t\t\t<div class=\"elementor-widget-container\">\n\t\t\t\t\t<h3 class=\"elementor-heading-title elementor-size-large\">Lions Club Pirna <\/h3>\t\t\t\t<\/div>\n\t\t\t\t<\/div>\n\t\t\t\t\t<\/div>\n\t\t<\/div>\n\t\t\t\t\t<\/div>\n\t\t<\/section>\n\t\t\t\t<section class=\"elementor-section elementor-top-section elementor-element elementor-element-67eedeee elementor-section-content-middle elementor-section-boxed elementor-section-height-default elementor-section-height-default\" data-id=\"67eedeee\" data-element_type=\"section\" data-e-type=\"section\">\n\t\t\t\t\t\t<div class=\"elementor-container elementor-column-gap-no\">\n\t\t\t\t\t<div class=\"elementor-column elementor-col-100 elementor-top-column elementor-element elementor-element-1ae76df7\" data-id=\"1ae76df7\" data-element_type=\"column\" data-e-type=\"column\">\n\t\t\t<div class=\"elementor-widget-wrap elementor-element-populated\">\n\t\t\t\t\t\t<div class=\"elementor-element elementor-element-3fe53d3 elementor-widget elementor-widget-text-editor\" data-id=\"3fe53d3\" data-element_type=\"widget\" data-e-type=\"widget\" data-widget_type=\"text-editor.default\">\n\t\t\t\t<div class=\"elementor-widget-container\">\n\t\t\t\t\t\t\t\t\t<p><strong>We serve! <\/strong><\/p><p>Sehr geehrte Besucherinnen und Besucher unserer Homepage,<\/p><p>das Leitmotiv der weltweiten Lions-Organisation lautet \u201eWe serve\u201c:\u00a0 Lions helfen ihren lokalen Communitys auf vielf\u00e4ltige Weise, und wir schlie\u00dfen uns zusammen, damit wir uns f\u00fcr wichtige globalen Anliegen und Sonderinitiativen einsetzen k\u00f6nnen, um einige der gr\u00f6\u00dften Herausforderungen anzugehen, denen unsere Welt heute gegen\u00fcbersteht.<\/p>\t\t\t\t\t\t\t\t<\/div>\n\t\t\t\t<\/div>\n\t\t\t\t<div class=\"elementor-element elementor-element-ab4fdea elementor-widget elementor-widget-text-editor\" data-id=\"ab4fdea\" data-element_type=\"widget\" data-e-type=\"widget\" data-widget_type=\"text-editor.default\">\n\t\t\t\t<div class=\"elementor-widget-container\">\n\t\t\t\t\t\t\t\t\t<p><img fetchpriority=\"high\" decoding=\"async\" class=\" wp-image-1228 alignright\" src=\"https:\/\/lionsclubpirna.de\/wp-content\/uploads\/2026\/04\/Whiskeytasting.png\" alt=\"\" width=\"289\" height=\"195\" srcset=\"https:\/\/lionsclubpirna.de\/wp-content\/uploads\/2026\/04\/Whiskeytasting.png 578w, https:\/\/lionsclubpirna.de\/wp-content\/uploads\/2026\/04\/Whiskeytasting-300x202.png 300w\" sizes=\"(max-width: 289px) 100vw, 289px\" \/><b><i>Der Lions Club Pirna pr\u00e4sentiert \u201eMalt &amp; Music\u201c<\/i><\/b><\/p><p><b><i>Fr., 23.10.26, 19.00 Uhr in der Tanzschule P\u00f6tschke-<\/i><\/b><b><i>Nebl<\/i><\/b><b><i> in Pirna<\/i><\/b><\/p><p><b>Whisky-Tasting mit Bob Bales &#8211; Tauchen sie ein in die Welt der Whiskys . . . <\/b><\/p><p><b>Begleitet werden Sie dabei von Bob Bales, einem Musiker, Komponisten und internationalen Whisky-Experten. <\/b><\/p><p><b>Im Laufe des Abends werden Sie 6 Whiskys kennenlernen, die Bob f\u00fcr Sie ausgesucht hat. <\/b><\/p><p><b>Unterst\u00fctzt durch eine PowerPoint Pr\u00e4sentation wird Ihnen Bob mit seinem Fachwissen rund um den Whisky, sowie historischen Begebenheiten und Anekdoten dieses edle Getr\u00e4nk n\u00e4herbringen, denn alle diese Whiskys haben ihre eigene Geschichte und Entwicklung. Lernen Sie diese kennen und lassen Sie sich von den geschmacklichen und olfaktorischen Differenzierungen der verschiedenen Whiskys \u00fcberraschen. <\/b><\/p><p><b>Bob wird auch in die Seiten seiner Gitarre und seiner irischen Bouzouki greifen, um den Abend musikalisch abzurunden. Unterst\u00fctzt wird Bob dabei von den Pirnaer Musikern Richard Schulz-Coppi (Schlagzeug) und Ulrich Hofmann (Bass). Damit wird die Veranstaltung f\u00fcr Sie zu einem Allround-Erlebnis um den Whisky werden. <\/b><\/p><ul><li><b>Veranstaltungsort: Tanzschule <\/b><b>P\u00f6tzschke-Nebl<\/b><b>, K\u00f6nigsteiner Str. 6b, 01796 Pirna<\/b><\/li><\/ul><p><b>\u00a0<\/b><\/p><ul><li><b>Eintritt inkl. Whisky, Vortrag, Musik und einem kalten Buffet: EUR 85,00 (Begleitpersonen ohne Whisky EUR 60,00) <\/b><\/li><li><b>WICHTIGER HINWEIS: im Eintrittspreis ist ein Spendenanteil f\u00fcr ein gemeinn\u00fctziges Projekt des Lions Club Pirna enthalten.<\/b><\/li><\/ul><p><b>\u00a0<\/b><\/p><ul><li><b>verbindliche Anmeldung unter <\/b><u><b><a href=\"mailto:schatzmeister@lionsclub-pirna.de\">schatzmeister@lionsclub-pirna.de<\/a><\/b><\/u><b> <\/b><\/li><li><b>\u00dcberweisung des Eintrittspreises an Lions Club Pirna, IBAN DE07 8506 0000 1000 9466 64, Kennwort \u201eWhisky mit Bob\u201c<\/b><\/li><\/ul><p><b>\u00a0<\/b><\/p><p><b><i>Freuen Sie sich auf ein Whisky-Erlebnis der besonderen Art. <\/i><\/b><\/p><p><b><i>Sl\u00e0inte<\/i><\/b> <b><i>Mhath<\/i><\/b><b><i>!<\/i><\/b><\/p>\t\t\t\t\t\t\t\t<\/div>\n\t\t\t\t<\/div>\n\t\t\t\t\t<\/div>\n\t\t<\/div>\n\t\t\t\t\t<\/div>\n\t\t<\/section>\n\t\t\t\t<\/div>\n\t\t","protected":false},"excerpt":{"rendered":"<p>Lions Club Pirna We serve! Sehr geehrte Besucherinnen und Besucher unserer Homepage, das Leitmotiv der weltweiten Lions-Organisation lautet \u201eWe serve\u201c:\u00a0 Lions helfen ihren lokalen Communitys auf vielf\u00e4ltige Weise, und wir [&hellip;]<\/p>\n","protected":false},"author":1,"featured_media":0,"parent":0,"menu_order":0,"comment_status":"closed","ping_status":"closed","template":"","meta":{"_bbp_topic_count":0,"_bbp_reply_count":0,"_bbp_total_topic_count":0,"_bbp_total_reply_count":0,"_bbp_voice_count":0,"_bbp_anonymous_reply_count":0,"_bbp_topic_count_hidden":0,"_bbp_reply_count_hidden":0,"_bbp_forum_subforum_count":0,"ocean_post_layout":"full-screen","ocean_both_sidebars_style":"","ocean_both_sidebars_content_width":0,"ocean_both_sidebars_sidebars_width":0,"ocean_sidebar":"0","ocean_second_sidebar":"0","ocean_disable_margins":"enable","ocean_add_body_class":"","ocean_shortcode_before_top_bar":"","ocean_shortcode_after_top_bar":"","ocean_shortcode_before_header":"","ocean_shortcode_after_header":"","ocean_has_shortcode":"","ocean_shortcode_after_title":"","ocean_shortcode_before_footer_widgets":"","ocean_shortcode_after_footer_widgets":"","ocean_shortcode_before_footer_bottom":"","ocean_shortcode_after_footer_bottom":"","ocean_display_top_bar":"off","ocean_display_header":"default","ocean_header_style":"","ocean_center_header_left_menu":"0","ocean_custom_header_template":"0","ocean_custom_logo":0,"ocean_custom_retina_logo":0,"ocean_custom_logo_max_width":0,"ocean_custom_logo_tablet_max_width":0,"ocean_custom_logo_mobile_max_width":0,"ocean_custom_logo_max_height":0,"ocean_custom_logo_tablet_max_height":0,"ocean_custom_logo_mobile_max_height":0,"ocean_header_custom_menu":"0","ocean_menu_typo_font_family":"0","ocean_menu_typo_font_subset":"","ocean_menu_typo_font_size":0,"ocean_menu_typo_font_size_tablet":0,"ocean_menu_typo_font_size_mobile":0,"ocean_menu_typo_font_size_unit":"px","ocean_menu_typo_font_weight":"","ocean_menu_typo_font_weight_tablet":"","ocean_menu_typo_font_weight_mobile":"","ocean_menu_typo_transform":"","ocean_menu_typo_transform_tablet":"","ocean_menu_typo_transform_mobile":"","ocean_menu_typo_line_height":0,"ocean_menu_typo_line_height_tablet":0,"ocean_menu_typo_line_height_mobile":0,"ocean_menu_typo_line_height_unit":"","ocean_menu_typo_spacing":0,"ocean_menu_typo_spacing_tablet":0,"ocean_menu_typo_spacing_mobile":0,"ocean_menu_typo_spacing_unit":"","ocean_menu_link_color":"","ocean_menu_link_color_hover":"","ocean_menu_link_color_active":"","ocean_menu_link_background":"","ocean_menu_link_hover_background":"","ocean_menu_link_active_background":"","ocean_menu_social_links_bg":"","ocean_menu_social_hover_links_bg":"","ocean_menu_social_links_color":"","ocean_menu_social_hover_links_color":"","ocean_disable_title":"on","ocean_disable_heading":"default","ocean_post_title":"","ocean_post_subheading":"","ocean_post_title_style":"","ocean_post_title_background_color":"","ocean_post_title_background":0,"ocean_post_title_bg_image_position":"","ocean_post_title_bg_image_attachment":"","ocean_post_title_bg_image_repeat":"","ocean_post_title_bg_image_size":"","ocean_post_title_height":0,"ocean_post_title_bg_overlay":0.5,"ocean_post_title_bg_overlay_color":"","ocean_disable_breadcrumbs":"default","ocean_breadcrumbs_color":"","ocean_breadcrumbs_separator_color":"","ocean_breadcrumbs_links_color":"","ocean_breadcrumbs_links_hover_color":"","ocean_display_footer_widgets":"default","ocean_display_footer_bottom":"default","ocean_custom_footer_template":"0","footnotes":""},"class_list":["post-5","page","type-page","status-publish","hentry","entry"],"_links":{"self":[{"href":"https:\/\/lionsclubpirna.de\/index.php\/wp-json\/wp\/v2\/pages\/5","targetHints":{"allow":["GET"]}}],"collection":[{"href":"https:\/\/lionsclubpirna.de\/index.php\/wp-json\/wp\/v2\/pages"}],"about":[{"href":"https:\/\/lionsclubpirna.de\/index.php\/wp-json\/wp\/v2\/types\/page"}],"author":[{"embeddable":true,"href":"https:\/\/lionsclubpirna.de\/index.php\/wp-json\/wp\/v2\/users\/1"}],"replies":[{"embeddable":true,"href":"https:\/\/lionsclubpirna.de\/index.php\/wp-json\/wp\/v2\/comments?post=5"}],"version-history":[{"count":332,"href":"https:\/\/lionsclubpirna.de\/index.php\/wp-json\/wp\/v2\/pages\/5\/revisions"}],"predecessor-version":[{"id":1232,"href":"https:\/\/lionsclubpirna.de\/index.php\/wp-json\/wp\/v2\/pages\/5\/revisions\/1232"}],"wp:attachment":[{"href":"https:\/\/lionsclubpirna.de\/index.php\/wp-json\/wp\/v2\/media?parent=5"}],"curies":[{"name":"wp","href":"https:\/\/api.w.org\/{rel}","templated":true}]}}