{"id":49,"date":"2019-08-23T07:06:43","date_gmt":"2019-08-23T07:06:43","guid":{"rendered":"http:\/\/lionsclubpirna.de\/?page_id=49"},"modified":"2019-09-11T13:31:40","modified_gmt":"2019-09-11T13:31:40","slug":"lions-club","status":"publish","type":"page","link":"https:\/\/lionsclubpirna.de\/index.php\/lions-club\/","title":{"rendered":"Lions Club Pirna"},"content":{"rendered":"\t\t<div data-elementor-type=\"wp-post\" data-elementor-id=\"49\" class=\"elementor elementor-49\">\n\t\t\t\t\t\t<section class=\"elementor-section elementor-top-section elementor-element elementor-element-1753e77 elementor-section-full_width elementor-section-height-default elementor-section-height-default\" data-id=\"1753e77\" data-element_type=\"section\" data-e-type=\"section\">\n\t\t\t\t\t\t<div class=\"elementor-container elementor-column-gap-default\">\n\t\t\t\t\t<div class=\"elementor-column elementor-col-100 elementor-top-column elementor-element elementor-element-ad6d01c\" data-id=\"ad6d01c\" data-element_type=\"column\" data-e-type=\"column\">\n\t\t\t<div class=\"elementor-widget-wrap elementor-element-populated\">\n\t\t\t\t\t\t<div class=\"elementor-element elementor-element-5dd5b5b elementor-widget elementor-widget-heading\" data-id=\"5dd5b5b\" data-element_type=\"widget\" data-e-type=\"widget\" data-widget_type=\"heading.default\">\n\t\t\t\t<div class=\"elementor-widget-container\">\n\t\t\t\t\t<h3 class=\"elementor-heading-title elementor-size-large\">Lions Club Pirna <\/h3>\t\t\t\t<\/div>\n\t\t\t\t<\/div>\n\t\t\t\t\t<\/div>\n\t\t<\/div>\n\t\t\t\t\t<\/div>\n\t\t<\/section>\n\t\t\t\t<section class=\"elementor-section elementor-top-section elementor-element elementor-element-0e97733 elementor-section-boxed elementor-section-height-default elementor-section-height-default\" data-id=\"0e97733\" data-element_type=\"section\" data-e-type=\"section\">\n\t\t\t\t\t\t<div class=\"elementor-container elementor-column-gap-default\">\n\t\t\t\t\t<div class=\"elementor-column elementor-col-33 elementor-top-column elementor-element elementor-element-fae5797\" data-id=\"fae5797\" data-element_type=\"column\" data-e-type=\"column\">\n\t\t\t<div class=\"elementor-widget-wrap elementor-element-populated\">\n\t\t\t\t\t\t<div class=\"elementor-element elementor-element-af69c5b elementor-invisible elementor-widget elementor-widget-sidebar\" data-id=\"af69c5b\" data-element_type=\"widget\" data-e-type=\"widget\" data-settings=\"{&quot;_animation&quot;:&quot;rollIn&quot;}\" data-widget_type=\"sidebar.default\">\n\t\t\t\t<div class=\"elementor-widget-container\">\n\t\t\t\t\t<div id=\"ocean_custom_header_nav-3\" class=\"sidebar-box widget-oceanwp-custom-header-nav custom-header-nav-widget clr\">\r\n\t\t\t\t<div class=\"custom-header-nav clr left\">\r\n\r\n\t\t\t\t\t\t\t\t<div id=\"site-navigation-wrap\" class=\"clr\">\n\t\t\t\n\t\t\t\n\t\t\t\n\t\t\t<nav id=\"site-navigation\" class=\"navigation main-navigation clr\" itemscope=\"itemscope\" itemtype=\"https:\/\/schema.org\/SiteNavigationElement\" role=\"navigation\" >\n\n\t\t\t\t<ul id=\"menu-lions\" class=\"main-menu dropdown-menu sf-menu\"><li id=\"menu-item-26\" class=\"menu-item menu-item-type-post_type menu-item-object-page menu-item-home menu-item-26\"><a href=\"https:\/\/lionsclubpirna.de\/\" class=\"menu-link\"><span class=\"text-wrap\">Home<\/span><\/a><\/li><li id=\"menu-item-96\" class=\"menu-item menu-item-type-post_type menu-item-object-page menu-item-has-children dropdown menu-item-96\"><a href=\"https:\/\/lionsclubpirna.de\/index.php\/lions-club\/\" class=\"menu-link\"><span class=\"text-wrap\">Lions Club Pirna<i class=\"nav-arrow fa fa-angle-down\" aria-hidden=\"true\" role=\"img\"><\/i><\/span><\/a>\n<ul class=\"sub-menu\">\n\t<li id=\"menu-item-186\" class=\"menu-item menu-item-type-post_type menu-item-object-page menu-item-186\"><a href=\"https:\/\/lionsclubpirna.de\/index.php\/home\/lions-projekt-erlebnispunkt-fuer-die-pirna-steinpfade\/\" class=\"menu-link\"><span class=\"text-wrap\">Lions Projekt: Erlebnispunkt f\u00fcr die \u201ePirna Steinpfade\u201c<\/span><\/a><\/li><\/ul>\n<\/li><li id=\"menu-item-25\" class=\"menu-item menu-item-type-post_type menu-item-object-page menu-item-has-children dropdown menu-item-25\"><a href=\"https:\/\/lionsclubpirna.de\/index.php\/ueber-uns\/\" class=\"menu-link\"><span class=\"text-wrap\">\u00dcber uns<i class=\"nav-arrow fa fa-angle-down\" aria-hidden=\"true\" role=\"img\"><\/i><\/span><\/a>\n<ul class=\"sub-menu\">\n\t<li id=\"menu-item-65\" class=\"menu-item menu-item-type-post_type menu-item-object-page menu-item-65\"><a href=\"https:\/\/lionsclubpirna.de\/index.php\/date-und-fakten\/\" class=\"menu-link\"><span class=\"text-wrap\">Daten und Fakten<\/span><\/a><\/li>\t<li id=\"menu-item-60\" class=\"menu-item menu-item-type-post_type menu-item-object-page menu-item-has-children dropdown menu-item-60\"><a href=\"https:\/\/lionsclubpirna.de\/index.php\/distrikte\/\" class=\"menu-link\"><span class=\"text-wrap\">Distrikte<i class=\"nav-arrow fa fa-angle-right\" aria-hidden=\"true\" role=\"img\"><\/i><\/span><\/a>\n\t<ul class=\"sub-menu\">\n\t\t<li id=\"menu-item-59\" class=\"menu-item menu-item-type-post_type menu-item-object-page menu-item-59\"><a href=\"https:\/\/lionsclubpirna.de\/index.php\/distriktsuche\/\" class=\"menu-link\"><span class=\"text-wrap\">Distriktsuche<\/span><\/a><\/li>\t<\/ul>\n<\/li>\t<li id=\"menu-item-64\" class=\"menu-item menu-item-type-post_type menu-item-object-page menu-item-64\"><a href=\"https:\/\/lionsclubpirna.de\/index.php\/ziele-und-grundsaetze\/\" class=\"menu-link\"><span class=\"text-wrap\">Ziele und Grunds\u00e4tze<\/span><\/a><\/li>\t<li id=\"menu-item-63\" class=\"menu-item menu-item-type-post_type menu-item-object-page menu-item-63\"><a href=\"https:\/\/lionsclubpirna.de\/index.php\/historisches\/\" class=\"menu-link\"><span class=\"text-wrap\">Historisches<\/span><\/a><\/li>\t<li id=\"menu-item-62\" class=\"menu-item menu-item-type-post_type menu-item-object-page menu-item-62\"><a href=\"https:\/\/lionsclubpirna.de\/index.php\/lions-un\/\" class=\"menu-link\"><span class=\"text-wrap\">Lions International<\/span><\/a><\/li><\/ul>\n<\/li><li id=\"menu-item-58\" class=\"menu-item menu-item-type-post_type menu-item-object-page menu-item-58\"><a href=\"https:\/\/lionsclubpirna.de\/index.php\/lions-stiftung\/\" class=\"menu-link\"><span class=\"text-wrap\">Lions Stiftung<\/span><\/a><\/li><li id=\"menu-item-238\" class=\"menu-item menu-item-type-post_type menu-item-object-page menu-item-238\"><a href=\"https:\/\/lionsclubpirna.de\/index.php\/login\/\" class=\"menu-link\"><span class=\"text-wrap\">Login f\u00fcr Mitglieder<\/span><\/a><\/li><li id=\"menu-item-680\" class=\"menu-item menu-item-type-post_type menu-item-object-page menu-item-680\"><a href=\"https:\/\/lionsclubpirna.de\/index.php\/impressum\/\" class=\"menu-link\"><span class=\"text-wrap\">Impressum<\/span><\/a><\/li><li class=\"search-toggle-li\" ><a href=\"https:\/\/lionsclubpirna.de\/#\" class=\"site-search-toggle search-dropdown-toggle\"><span class=\"screen-reader-text\">Website-Suche umschalten<\/span><i class=\" icon-magnifier\" aria-hidden=\"true\" role=\"img\"><\/i><\/a><\/li><\/ul>\n<div id=\"searchform-dropdown\" class=\"header-searchform-wrap clr\" >\n\t\n<form aria-label=\"Diese Website durchsuchen\" role=\"search\" method=\"get\" class=\"searchform\" action=\"https:\/\/lionsclubpirna.de\/\">\t\n\t<input aria-label=\"Suchabfrage eingeben\" type=\"search\" id=\"ocean-search-form-1\" class=\"field\" autocomplete=\"off\" placeholder=\"Suchen\" name=\"s\">\n\t\t<\/form>\n<\/div><!-- #searchform-dropdown -->\n\n\t\t\t<\/nav><!-- #site-navigation -->\n\n\t\t\t\n\t\t\t\n\t\t\t\t\t<\/div><!-- #site-navigation-wrap -->\n\t\t\t\n\t\t\n\t\n\t\n\t<div class=\"oceanwp-mobile-menu-icon clr mobile-right\">\n\n\t\t\n\t\t\n\t\t\n\t\t<a href=\"https:\/\/lionsclubpirna.de\/#mobile-menu-toggle\" class=\"mobile-menu\"  aria-label=\"Mobiles Men\u00fc\">\n\t\t\t\t\t\t\t<i class=\"fa fa-bars\" aria-hidden=\"true\"><\/i>\n\t\t\t\t\t\t\t\t<span class=\"oceanwp-text\">Men\u00fc<\/span>\n\t\t\t\t<span class=\"oceanwp-close-text\">Schlie\u00dfen<\/span>\n\t\t\t\t\t\t<\/a>\n\n\t\t\n\t\t\n\t\t\n\t<\/div><!-- #oceanwp-mobile-menu-navbar -->\n\n\t\n\n<div id=\"mobile-dropdown\" class=\"clr\" >\n\n\t<nav class=\"clr\" itemscope=\"itemscope\" itemtype=\"https:\/\/schema.org\/SiteNavigationElement\">\n\n\t\t<ul id=\"menu-lions-1\" class=\"menu\"><li class=\"menu-item menu-item-type-post_type menu-item-object-page menu-item-home menu-item-26\"><a href=\"https:\/\/lionsclubpirna.de\/\">Home<\/a><\/li>\n<li class=\"menu-item menu-item-type-post_type menu-item-object-page menu-item-has-children menu-item-96\"><a href=\"https:\/\/lionsclubpirna.de\/index.php\/lions-club\/\">Lions Club Pirna<\/a>\n<ul class=\"sub-menu\">\n\t<li class=\"menu-item menu-item-type-post_type menu-item-object-page menu-item-186\"><a href=\"https:\/\/lionsclubpirna.de\/index.php\/home\/lions-projekt-erlebnispunkt-fuer-die-pirna-steinpfade\/\">Lions Projekt: Erlebnispunkt f\u00fcr die \u201ePirna Steinpfade\u201c<\/a><\/li>\n<\/ul>\n<\/li>\n<li class=\"menu-item menu-item-type-post_type menu-item-object-page menu-item-has-children menu-item-25\"><a href=\"https:\/\/lionsclubpirna.de\/index.php\/ueber-uns\/\">\u00dcber uns<\/a>\n<ul class=\"sub-menu\">\n\t<li class=\"menu-item menu-item-type-post_type menu-item-object-page menu-item-65\"><a href=\"https:\/\/lionsclubpirna.de\/index.php\/date-und-fakten\/\">Daten und Fakten<\/a><\/li>\n\t<li class=\"menu-item menu-item-type-post_type menu-item-object-page menu-item-has-children menu-item-60\"><a href=\"https:\/\/lionsclubpirna.de\/index.php\/distrikte\/\">Distrikte<\/a>\n\t<ul class=\"sub-menu\">\n\t\t<li class=\"menu-item menu-item-type-post_type menu-item-object-page menu-item-59\"><a href=\"https:\/\/lionsclubpirna.de\/index.php\/distriktsuche\/\">Distriktsuche<\/a><\/li>\n\t<\/ul>\n<\/li>\n\t<li class=\"menu-item menu-item-type-post_type menu-item-object-page menu-item-64\"><a href=\"https:\/\/lionsclubpirna.de\/index.php\/ziele-und-grundsaetze\/\">Ziele und Grunds\u00e4tze<\/a><\/li>\n\t<li class=\"menu-item menu-item-type-post_type menu-item-object-page menu-item-63\"><a href=\"https:\/\/lionsclubpirna.de\/index.php\/historisches\/\">Historisches<\/a><\/li>\n\t<li class=\"menu-item menu-item-type-post_type menu-item-object-page menu-item-62\"><a href=\"https:\/\/lionsclubpirna.de\/index.php\/lions-un\/\">Lions International<\/a><\/li>\n<\/ul>\n<\/li>\n<li class=\"menu-item menu-item-type-post_type menu-item-object-page menu-item-58\"><a href=\"https:\/\/lionsclubpirna.de\/index.php\/lions-stiftung\/\">Lions Stiftung<\/a><\/li>\n<li class=\"menu-item menu-item-type-post_type menu-item-object-page menu-item-238\"><a href=\"https:\/\/lionsclubpirna.de\/index.php\/login\/\">Login f\u00fcr Mitglieder<\/a><\/li>\n<li class=\"menu-item menu-item-type-post_type menu-item-object-page menu-item-680\"><a href=\"https:\/\/lionsclubpirna.de\/index.php\/impressum\/\">Impressum<\/a><\/li>\n<li class=\"search-toggle-li\" ><a href=\"https:\/\/lionsclubpirna.de\/#\" class=\"site-search-toggle search-dropdown-toggle\"><span class=\"screen-reader-text\">Website-Suche umschalten<\/span><i class=\" icon-magnifier\" aria-hidden=\"true\" role=\"img\"><\/i><\/a><\/li><\/ul>\n<div id=\"mobile-menu-search\" class=\"clr\">\n\t<form aria-label=\"Diese Website durchsuchen\" method=\"get\" action=\"https:\/\/lionsclubpirna.de\/\" class=\"mobile-searchform\">\n\t\t<input aria-label=\"Suchabfrage eingeben\" value=\"\" class=\"field\" id=\"ocean-mobile-search-2\" type=\"search\" name=\"s\" autocomplete=\"off\" placeholder=\"Suchen\" \/>\n\t\t<button aria-label=\"Suche starten\" type=\"submit\" class=\"searchform-submit\">\n\t\t\t<i class=\" icon-magnifier\" aria-hidden=\"true\" role=\"img\"><\/i>\t\t<\/button>\n\t\t\t\t\t<\/form>\n<\/div><!-- .mobile-menu-search -->\n\n\t<\/nav>\n\n<\/div>\n\r\n\t\t\t\t<\/div>\r\n\r\n\t\t\t<\/div>\t\t\t\t<\/div>\n\t\t\t\t<\/div>\n\t\t\t\t\t<\/div>\n\t\t<\/div>\n\t\t\t\t<div class=\"elementor-column elementor-col-66 elementor-top-column elementor-element elementor-element-4a1b1bb\" data-id=\"4a1b1bb\" data-element_type=\"column\" data-e-type=\"column\">\n\t\t\t<div class=\"elementor-widget-wrap elementor-element-populated\">\n\t\t\t\t\t\t<div class=\"elementor-element elementor-element-a691ce5 elementor-widget elementor-widget-text-editor\" data-id=\"a691ce5\" data-element_type=\"widget\" data-e-type=\"widget\" data-widget_type=\"text-editor.default\">\n\t\t\t\t<div class=\"elementor-widget-container\">\n\t\t\t\t\t\t\t\t\t<div class=\"article_headline\"><h3 class=\"post-title entry-title\" style=\"margin: 0.75em 0px 0px; position: relative; font: 22px Arial, Tahoma, Helvetica, FreeSans, sans-serif;\">\u00dcber den Lions Club Pirna<\/h3><div class=\"blog-posts hfeed\" style=\"color: #222222; font-family: Arial, Tahoma, Helvetica, FreeSans, sans-serif; font-size: 12px; font-style: normal; font-variant-ligatures: normal; font-variant-caps: normal; font-weight: 400;\"><div class=\"date-outer\"><div class=\"date-posts\"><div class=\"post-outer\"><div class=\"post hentry uncustomized-post-template\" style=\"position: relative; min-height: 0px; margin-bottom: 25px;\"><div class=\"post-header\" style=\"line-height: 1.6; margin-bottom: 1.5em; font-size: 10.8px;\"><div class=\"post-header-line-1\">\u00a0<\/div><\/div><div id=\"post-body-1077297306903877880\" class=\"post-body entry-content\" style=\"width: 740px; font-size: 13.2px; line-height: 1.4; position: relative;\"><div style=\"color: #660000; font-family: Arial, Helvetica, sans-serif;\"><span style=\"font-size: small;\"><i><b>Lions Club Pirna \u2013 Die Serviceorganisation in Pirna und der s\u00e4chsischen Schweiz<\/b><\/i><\/span><\/div><p>Unser Motto: \u201eEs gibt nichts Gutes, au\u00dfer man tut es!\u201c.<\/p><p>Der Lions Club Pirna wurde im Jahre 1993 gegr\u00fcndet und geh\u00f6rt zu der Organisation Lions Clubs International.<\/p><p>Der Club hat derzeit 25 aktive Mitglieder. Alle Mitglieder treffen sich jeden Montag eines jeden Monats um 19.00 Uhr im Laurichhof in Copitz.<\/p><div style=\"color: red;\"><span style=\"font-size: large;\"><b><i>Ehrenamtlich f\u00fcr Gemeinde und B\u00fcrger t\u00e4tig \u2013 Lions Club Pirna<\/i><\/b><\/span><\/div><div style=\"color: red;\"><span style=\"font-size: large;\"><b><i>\u00a0<\/i><\/b><\/span><\/div><p>Dort werden alle Aktionen und Ma\u00dfnahmen besprochen. Das von Erich K\u00e4stner stammende Sprichwort kann nicht zutreffender f\u00fcr die Arbeit der Lions sein. Kein Gedanke oder Vorsatz kann etwas ver\u00e4ndern, erst wenn man handelt bzw. es tut, kann etwas ver\u00e4ndert werden. Deshalb sind die Lionsmitglieder in Ihrem Umfeld immer sehr aktiv, sie planen Aktionen und setzten diese pers\u00f6nlich um. Die Mitglieder sind alle ehrenamtlich t\u00e4tig und setzen sich als Vorbilder f\u00fcr Ihre Gemeinde und deren Menschen ein.<\/p><div style=\"color: red;\"><em><span style=\"font-size: large;\"><b>Ma\u00dfnahmen und P<\/b><\/span><\/em><em><span style=\"font-size: large;\"><b>rojekte \u2013 Lions Club Pirna<\/b><\/span><\/em><\/div><div style=\"color: red;\"><em><span style=\"font-size: large;\"><b>\u00a0<\/b><\/span><\/em><\/div><p>In den vergangen Jahren hat sich der Lions Club Pirna in vielen Projekten engagiert und zahlreiche Ma\u00dfnahmen unterst\u00fctzt.<\/p><p>Dazu geh\u00f6ren unter anderem:<\/p><ul><li>regelm\u00e4\u00dfig das Behindertensportfest des Kreissportbundes,<\/li><li>das Weihnachtskonzert zu Gunsten der integrativen Band,<\/li><li>Tafel Pirna e. V. u.v.m.<\/li><\/ul><p>Die gr\u00f6\u00dfte Einzelma\u00dfnahme war die Jahrhundertflut. Der Lions Club Pirna koordinierte hier ein Spendenvolumen von \u00fcber 750.000,00 Euro. Viele Mitglieder waren wochenlang im Dauereinsatz.<\/p><div style=\"color: red;\"><i><span style=\"font-size: large;\"><b>Finanzieru<\/b><\/span><\/i><i><span style=\"font-size: large;\"><b>ng \u2013 Lions Club Pirna<\/b><\/span><\/i><\/div><div style=\"color: red;\"><i><span style=\"font-size: large;\"><b>\u00a0<\/b><\/span><\/i><\/div><p><span style=\"font-size: 13.2px;\">F\u00fcr die meisten Projekte und Ma\u00dfnahmen werden finanzielle Mittel ben\u00f6tigt und m\u00fcssen durch die Lionsmitglieder erwirtschaftet oder \u00fcber Sponsorenleistungen beschafft werden. Durch die Teilnahme an den Stadtfesten, Hofn\u00e4chten und anderen Veranstaltungen werden ein Teil der Finanzmittel erwirtschaftet.<\/span><\/p><div style=\"color: red;\"><i><b><span style=\"font-size: large;\">Die Fakten Lions Clubs International \u2013 Lions Club Pirna<\/span><\/b><\/i><\/div><div style=\"color: red;\"><i><b><span style=\"font-size: large;\">\u00a0<\/span><\/b><\/i><\/div><p>Mitglieder:<\/p><p>Lions Clubs International ist mit fast 1,3 Millionen Mitgliedern in 45.000 Clubs in 202 L\u00e4ndern und Regionen die weltweit gr\u00f6\u00dfte gemeinn\u00fctzige Organisation.<\/p><p>Lions sind M\u00e4nner und Frauen, die ihre Zeit f\u00fcr gemeinn\u00fctzige Zwecke zur Verf\u00fcgung stellen. Lions Clubs International wurde 1917 gegr\u00fcndet und arbeitet unter dem Motto \u201eWe Serve\u201d.<\/p><p>Lions Club International Foundation \u2013 Lions Club Pirna<\/p><p>Lions Clubs International Foundation (LCIF) ist der karitative Zweig von Lions Clubs International. LCIF unterst\u00fctzt durch die Finanzierung humanit\u00e4rer Projekte die gemeinn\u00fctzige Arbeit der Lions Clubs weltweit. www.lcif.org<\/p><p>LCIF als weltweit beste Nichtregierungsorganisation<br \/>(NGO) ausgezeichnet \u2013 Lions Club Pirna<\/p><p>Bei einer Bewertung durch Financial Times in Zusammenarbeit mit Dalberg Global Development Advisers und United Nations Global Compact wurde die LIONS CLUBS INTERNATIONAL FOUNDATION (LCIF)<br \/>als weltweit beste Nichtregierungsorganisation (NGO) eingestuft.<\/p><p>Insgesamt setzte sich LCIF bei der Bewertung gegen 34 globale Organisationen durch.<\/p><div style=\"color: red;\"><i><b><span style=\"font-size: large;\">Anderen helfen \u2013 Lions Club Pirna<\/span><\/b><\/i><\/div><div style=\"color: red;\"><i><b><span style=\"font-size: large;\">\u00a0<\/span><\/b><\/i><\/div><p>Auf dem internationalen Kongress der Lions im Jahr 1925 rief Helen Keller die Lions dazu auf \u201eRitter der Blinden im Kreuzzug gegen die Finsternis\u201d zu werden. Seitdem haben Hilfsprojekte f\u00fcr blinde und sehbehinderte Menschen den Lions Clubs weltweit Anerkennung verschafft. Heutzutage engagieren sich Lions auf lokaler Ebene f\u00fcr die Erhaltung der Sehkraft. International wird Blindheit mit dem Sight-First-Programm bek\u00e4mpft. Lions sammeln und recyceln das ganze Jahr \u00fcber Brillen f\u00fcr Menschen in Entwicklungsl\u00e4ndern, verdoppeln ihre Anstrengungen aber noch einmal im Mai, dem Recycle-for-Sight-Monat, und im Oktober, da die Lions am zweiten Donnerstag im Oktober ihren World-Sight-Day begehen. Lions engagieren sich im Rahmen ihrer vielen Jugendprogramme auch sehr f\u00fcr Jugendliche. Sie setzen sich f\u00fcr Umweltschutz ein, errichten Heime f\u00fcr Behinderte, leisten Diabetesaufkl\u00e4rung, halten Geh\u00f6rprogramme ab und leisten weltweit.<\/p><div style=\"color: red;\"><span style=\"font-size: large;\"><i><b>Sight &#8211; Programme \u2013 Lions Club Pirna<\/b><\/i><\/span><\/div><div style=\"color: red;\"><span style=\"font-size: large;\"><i><b>\u00a0<\/b><\/i><\/span><\/div><p>Das Sight-First-Programm wurde 1990 ins Leben gerufen. Sight-First ist eine 202-Millionen-US-Dollar-Initiative, die die Hauptursachen f\u00fcr vermeidbare und reversible Blindheit bek\u00e4mpft. Sight-First ist ein beispielloses Programm und hat zur Zusammenarbeit von Lions, Experten f\u00fcr die Pr\u00e4vention von Blindheit, Organisationen und Regierungen gef\u00fchrt. Mit \u00fcber 841 Zusch\u00fcssen hat SightFirst:<\/p><p>\u2022 \u00fcber 7 Millionen Flussblindheits-Behandlungen unterst\u00fctzt und f\u00fcr 20 Millionen Menschen den Verlust der Sehkraft verhindert<\/p><p>\u2022 \u00fcber 80,5 Millionen Flussblindheits-Behandlungen unterst\u00fctzt<\/p><p>\u2022 \u00fcber 213 Augenkrankenh\u00e4user\/-kliniken\/-abteilungen gebaut oder ausgeweitet und \u00fcber 325 Augenzentren mit Ger\u00e4ten ausgestattet<\/p><p>\u2022 die ophthalmologische Versorgung in 90 L\u00e4ndern verbessert<\/p><p>\u2022 \u00fcber 305.000 Augen\u00e4rzte, Augenpflegepersonal,<\/p><p>Fachkr\u00e4fte im Bereich der Augenpflege und Gesundheitsarbeiter in D\u00f6rfern ausgebildet<\/p><\/div><\/div><\/div><\/div><\/div><\/div><\/div>\t\t\t\t\t\t\t\t<\/div>\n\t\t\t\t<\/div>\n\t\t\t\t\t<\/div>\n\t\t<\/div>\n\t\t\t\t\t<\/div>\n\t\t<\/section>\n\t\t\t\t<\/div>\n\t\t","protected":false},"excerpt":{"rendered":"<p>Lions Club Pirna \u00dcber den Lions Club Pirna &nbsp;Lions Club Pirna \u2013 Die Serviceorganisation in Pirna und der s\u00e4chsischen Schweiz Unser Motto: \u201eEs gibt nichts Gutes, au\u00dfer man tut es!\u201c. [&hellip;]<\/p>\n","protected":false},"author":1,"featured_media":0,"parent":0,"menu_order":0,"comment_status":"closed","ping_status":"closed","template":"","meta":{"_bbp_topic_count":0,"_bbp_reply_count":0,"_bbp_total_topic_count":0,"_bbp_total_reply_count":0,"_bbp_voice_count":0,"_bbp_anonymous_reply_count":0,"_bbp_topic_count_hidden":0,"_bbp_reply_count_hidden":0,"_bbp_forum_subforum_count":0,"ocean_post_layout":"full-screen","ocean_both_sidebars_style":"","ocean_both_sidebars_content_width":0,"ocean_both_sidebars_sidebars_width":0,"ocean_sidebar":"0","ocean_second_sidebar":"0","ocean_disable_margins":"enable","ocean_add_body_class":"","ocean_shortcode_before_top_bar":"","ocean_shortcode_after_top_bar":"","ocean_shortcode_before_header":"","ocean_shortcode_after_header":"","ocean_has_shortcode":"","ocean_shortcode_after_title":"","ocean_shortcode_before_footer_widgets":"","ocean_shortcode_after_footer_widgets":"","ocean_shortcode_before_footer_bottom":"","ocean_shortcode_after_footer_bottom":"","ocean_display_top_bar":"off","ocean_display_header":"default","ocean_header_style":"","ocean_center_header_left_menu":"0","ocean_custom_header_template":"0","ocean_custom_logo":0,"ocean_custom_retina_logo":0,"ocean_custom_logo_max_width":0,"ocean_custom_logo_tablet_max_width":0,"ocean_custom_logo_mobile_max_width":0,"ocean_custom_logo_max_height":0,"ocean_custom_logo_tablet_max_height":0,"ocean_custom_logo_mobile_max_height":0,"ocean_header_custom_menu":"0","ocean_menu_typo_font_family":"0","ocean_menu_typo_font_subset":"","ocean_menu_typo_font_size":0,"ocean_menu_typo_font_size_tablet":0,"ocean_menu_typo_font_size_mobile":0,"ocean_menu_typo_font_size_unit":"px","ocean_menu_typo_font_weight":"","ocean_menu_typo_font_weight_tablet":"","ocean_menu_typo_font_weight_mobile":"","ocean_menu_typo_transform":"","ocean_menu_typo_transform_tablet":"","ocean_menu_typo_transform_mobile":"","ocean_menu_typo_line_height":0,"ocean_menu_typo_line_height_tablet":0,"ocean_menu_typo_line_height_mobile":0,"ocean_menu_typo_line_height_unit":"","ocean_menu_typo_spacing":0,"ocean_menu_typo_spacing_tablet":0,"ocean_menu_typo_spacing_mobile":0,"ocean_menu_typo_spacing_unit":"","ocean_menu_link_color":"","ocean_menu_link_color_hover":"","ocean_menu_link_color_active":"","ocean_menu_link_background":"","ocean_menu_link_hover_background":"","ocean_menu_link_active_background":"","ocean_menu_social_links_bg":"","ocean_menu_social_hover_links_bg":"","ocean_menu_social_links_color":"","ocean_menu_social_hover_links_color":"","ocean_disable_title":"on","ocean_disable_heading":"default","ocean_post_title":"","ocean_post_subheading":"","ocean_post_title_style":"","ocean_post_title_background_color":"","ocean_post_title_background":0,"ocean_post_title_bg_image_position":"","ocean_post_title_bg_image_attachment":"","ocean_post_title_bg_image_repeat":"","ocean_post_title_bg_image_size":"","ocean_post_title_height":0,"ocean_post_title_bg_overlay":0.5,"ocean_post_title_bg_overlay_color":"","ocean_disable_breadcrumbs":"default","ocean_breadcrumbs_color":"","ocean_breadcrumbs_separator_color":"","ocean_breadcrumbs_links_color":"","ocean_breadcrumbs_links_hover_color":"","ocean_display_footer_widgets":"default","ocean_display_footer_bottom":"default","ocean_custom_footer_template":"0","footnotes":""},"class_list":["post-49","page","type-page","status-publish","hentry","entry"],"_links":{"self":[{"href":"https:\/\/lionsclubpirna.de\/index.php\/wp-json\/wp\/v2\/pages\/49","targetHints":{"allow":["GET"]}}],"collection":[{"href":"https:\/\/lionsclubpirna.de\/index.php\/wp-json\/wp\/v2\/pages"}],"about":[{"href":"https:\/\/lionsclubpirna.de\/index.php\/wp-json\/wp\/v2\/types\/page"}],"author":[{"embeddable":true,"href":"https:\/\/lionsclubpirna.de\/index.php\/wp-json\/wp\/v2\/users\/1"}],"replies":[{"embeddable":true,"href":"https:\/\/lionsclubpirna.de\/index.php\/wp-json\/wp\/v2\/comments?post=49"}],"version-history":[{"count":11,"href":"https:\/\/lionsclubpirna.de\/index.php\/wp-json\/wp\/v2\/pages\/49\/revisions"}],"predecessor-version":[{"id":179,"href":"https:\/\/lionsclubpirna.de\/index.php\/wp-json\/wp\/v2\/pages\/49\/revisions\/179"}],"wp:attachment":[{"href":"https:\/\/lionsclubpirna.de\/index.php\/wp-json\/wp\/v2\/media?parent=49"}],"curies":[{"name":"wp","href":"https:\/\/api.w.org\/{rel}","templated":true}]}}