{"id":47,"date":"2019-08-23T07:05:52","date_gmt":"2019-08-23T07:05:52","guid":{"rendered":"http:\/\/lionsclubpirna.de\/?page_id=47"},"modified":"2019-09-11T13:14:27","modified_gmt":"2019-09-11T13:14:27","slug":"lions-un","status":"publish","type":"page","link":"https:\/\/lionsclubpirna.de\/index.php\/lions-un\/","title":{"rendered":"Lions International"},"content":{"rendered":"\t\t<div data-elementor-type=\"wp-post\" data-elementor-id=\"47\" class=\"elementor elementor-47\">\n\t\t\t\t\t\t<section class=\"elementor-section elementor-top-section elementor-element elementor-element-712782b elementor-section-full_width elementor-section-height-default elementor-section-height-default\" data-id=\"712782b\" data-element_type=\"section\" data-e-type=\"section\">\n\t\t\t\t\t\t<div class=\"elementor-container elementor-column-gap-default\">\n\t\t\t\t\t<div class=\"elementor-column elementor-col-100 elementor-top-column elementor-element elementor-element-20770a7\" data-id=\"20770a7\" data-element_type=\"column\" data-e-type=\"column\">\n\t\t\t<div class=\"elementor-widget-wrap elementor-element-populated\">\n\t\t\t\t\t\t<div class=\"elementor-element elementor-element-38d45a7 elementor-widget elementor-widget-heading\" data-id=\"38d45a7\" data-element_type=\"widget\" data-e-type=\"widget\" data-widget_type=\"heading.default\">\n\t\t\t\t<div class=\"elementor-widget-container\">\n\t\t\t\t\t<h3 class=\"elementor-heading-title elementor-size-large\">Lions Club Pirna <\/h3>\t\t\t\t<\/div>\n\t\t\t\t<\/div>\n\t\t\t\t\t<\/div>\n\t\t<\/div>\n\t\t\t\t\t<\/div>\n\t\t<\/section>\n\t\t\t\t<section class=\"elementor-section elementor-top-section elementor-element elementor-element-84cc18c elementor-section-boxed elementor-section-height-default elementor-section-height-default\" data-id=\"84cc18c\" data-element_type=\"section\" data-e-type=\"section\">\n\t\t\t\t\t\t<div class=\"elementor-container elementor-column-gap-default\">\n\t\t\t\t\t<div class=\"elementor-column elementor-col-33 elementor-top-column elementor-element elementor-element-61469eb\" data-id=\"61469eb\" data-element_type=\"column\" data-e-type=\"column\">\n\t\t\t<div class=\"elementor-widget-wrap elementor-element-populated\">\n\t\t\t\t\t\t<div class=\"elementor-element elementor-element-ec12a97 elementor-invisible elementor-widget elementor-widget-sidebar\" data-id=\"ec12a97\" data-element_type=\"widget\" data-e-type=\"widget\" data-settings=\"{&quot;_animation&quot;:&quot;rollIn&quot;}\" data-widget_type=\"sidebar.default\">\n\t\t\t\t<div class=\"elementor-widget-container\">\n\t\t\t\t\t<div id=\"ocean_custom_header_nav-3\" class=\"sidebar-box widget-oceanwp-custom-header-nav custom-header-nav-widget clr\">\r\n\t\t\t\t<div class=\"custom-header-nav clr left\">\r\n\r\n\t\t\t\t\t\t\t\t<div id=\"site-navigation-wrap\" class=\"clr\">\n\t\t\t\n\t\t\t\n\t\t\t\n\t\t\t<nav id=\"site-navigation\" class=\"navigation main-navigation clr\" itemscope=\"itemscope\" itemtype=\"https:\/\/schema.org\/SiteNavigationElement\" role=\"navigation\" >\n\n\t\t\t\t<ul id=\"menu-lions\" class=\"main-menu dropdown-menu sf-menu\"><li id=\"menu-item-26\" class=\"menu-item menu-item-type-post_type menu-item-object-page menu-item-home menu-item-26\"><a href=\"https:\/\/lionsclubpirna.de\/\" class=\"menu-link\"><span class=\"text-wrap\">Home<\/span><\/a><\/li><li id=\"menu-item-96\" class=\"menu-item menu-item-type-post_type menu-item-object-page menu-item-has-children dropdown menu-item-96\"><a href=\"https:\/\/lionsclubpirna.de\/index.php\/lions-club\/\" class=\"menu-link\"><span class=\"text-wrap\">Lions Club Pirna<i class=\"nav-arrow fa fa-angle-down\" aria-hidden=\"true\" role=\"img\"><\/i><\/span><\/a>\n<ul class=\"sub-menu\">\n\t<li id=\"menu-item-186\" class=\"menu-item menu-item-type-post_type menu-item-object-page menu-item-186\"><a href=\"https:\/\/lionsclubpirna.de\/index.php\/home\/lions-projekt-erlebnispunkt-fuer-die-pirna-steinpfade\/\" class=\"menu-link\"><span class=\"text-wrap\">Lions Projekt: Erlebnispunkt f\u00fcr die \u201ePirna Steinpfade\u201c<\/span><\/a><\/li><\/ul>\n<\/li><li id=\"menu-item-25\" class=\"menu-item menu-item-type-post_type menu-item-object-page menu-item-has-children dropdown menu-item-25\"><a href=\"https:\/\/lionsclubpirna.de\/index.php\/ueber-uns\/\" class=\"menu-link\"><span class=\"text-wrap\">\u00dcber uns<i class=\"nav-arrow fa fa-angle-down\" aria-hidden=\"true\" role=\"img\"><\/i><\/span><\/a>\n<ul class=\"sub-menu\">\n\t<li id=\"menu-item-65\" class=\"menu-item menu-item-type-post_type menu-item-object-page menu-item-65\"><a href=\"https:\/\/lionsclubpirna.de\/index.php\/date-und-fakten\/\" class=\"menu-link\"><span class=\"text-wrap\">Daten und Fakten<\/span><\/a><\/li>\t<li id=\"menu-item-60\" class=\"menu-item menu-item-type-post_type menu-item-object-page menu-item-has-children dropdown menu-item-60\"><a href=\"https:\/\/lionsclubpirna.de\/index.php\/distrikte\/\" class=\"menu-link\"><span class=\"text-wrap\">Distrikte<i class=\"nav-arrow fa fa-angle-right\" aria-hidden=\"true\" role=\"img\"><\/i><\/span><\/a>\n\t<ul class=\"sub-menu\">\n\t\t<li id=\"menu-item-59\" class=\"menu-item menu-item-type-post_type menu-item-object-page menu-item-59\"><a href=\"https:\/\/lionsclubpirna.de\/index.php\/distriktsuche\/\" class=\"menu-link\"><span class=\"text-wrap\">Distriktsuche<\/span><\/a><\/li>\t<\/ul>\n<\/li>\t<li id=\"menu-item-64\" class=\"menu-item menu-item-type-post_type menu-item-object-page menu-item-64\"><a href=\"https:\/\/lionsclubpirna.de\/index.php\/ziele-und-grundsaetze\/\" class=\"menu-link\"><span class=\"text-wrap\">Ziele und Grunds\u00e4tze<\/span><\/a><\/li>\t<li id=\"menu-item-63\" class=\"menu-item menu-item-type-post_type menu-item-object-page menu-item-63\"><a href=\"https:\/\/lionsclubpirna.de\/index.php\/historisches\/\" class=\"menu-link\"><span class=\"text-wrap\">Historisches<\/span><\/a><\/li>\t<li id=\"menu-item-62\" class=\"menu-item menu-item-type-post_type menu-item-object-page menu-item-62\"><a href=\"https:\/\/lionsclubpirna.de\/index.php\/lions-un\/\" class=\"menu-link\"><span class=\"text-wrap\">Lions International<\/span><\/a><\/li><\/ul>\n<\/li><li id=\"menu-item-58\" class=\"menu-item menu-item-type-post_type menu-item-object-page menu-item-58\"><a href=\"https:\/\/lionsclubpirna.de\/index.php\/lions-stiftung\/\" class=\"menu-link\"><span class=\"text-wrap\">Lions Stiftung<\/span><\/a><\/li><li id=\"menu-item-238\" class=\"menu-item menu-item-type-post_type menu-item-object-page menu-item-238\"><a href=\"https:\/\/lionsclubpirna.de\/index.php\/login\/\" class=\"menu-link\"><span class=\"text-wrap\">Login f\u00fcr Mitglieder<\/span><\/a><\/li><li id=\"menu-item-680\" class=\"menu-item menu-item-type-post_type menu-item-object-page menu-item-680\"><a href=\"https:\/\/lionsclubpirna.de\/index.php\/impressum\/\" class=\"menu-link\"><span class=\"text-wrap\">Impressum<\/span><\/a><\/li><li class=\"search-toggle-li\" ><a href=\"https:\/\/lionsclubpirna.de\/#\" class=\"site-search-toggle search-dropdown-toggle\"><span class=\"screen-reader-text\">Website-Suche umschalten<\/span><i class=\" icon-magnifier\" aria-hidden=\"true\" role=\"img\"><\/i><\/a><\/li><\/ul>\n<div id=\"searchform-dropdown\" class=\"header-searchform-wrap clr\" >\n\t\n<form aria-label=\"Diese Website durchsuchen\" role=\"search\" method=\"get\" class=\"searchform\" action=\"https:\/\/lionsclubpirna.de\/\">\t\n\t<input aria-label=\"Suchabfrage eingeben\" type=\"search\" id=\"ocean-search-form-1\" class=\"field\" autocomplete=\"off\" placeholder=\"Suchen\" name=\"s\">\n\t\t<\/form>\n<\/div><!-- #searchform-dropdown -->\n\n\t\t\t<\/nav><!-- #site-navigation -->\n\n\t\t\t\n\t\t\t\n\t\t\t\t\t<\/div><!-- #site-navigation-wrap -->\n\t\t\t\n\t\t\n\t\n\t\n\t<div class=\"oceanwp-mobile-menu-icon clr mobile-right\">\n\n\t\t\n\t\t\n\t\t\n\t\t<a href=\"https:\/\/lionsclubpirna.de\/#mobile-menu-toggle\" class=\"mobile-menu\"  aria-label=\"Mobiles Men\u00fc\">\n\t\t\t\t\t\t\t<i class=\"fa fa-bars\" aria-hidden=\"true\"><\/i>\n\t\t\t\t\t\t\t\t<span class=\"oceanwp-text\">Men\u00fc<\/span>\n\t\t\t\t<span class=\"oceanwp-close-text\">Schlie\u00dfen<\/span>\n\t\t\t\t\t\t<\/a>\n\n\t\t\n\t\t\n\t\t\n\t<\/div><!-- #oceanwp-mobile-menu-navbar -->\n\n\t\n\n<div id=\"mobile-dropdown\" class=\"clr\" >\n\n\t<nav class=\"clr\" itemscope=\"itemscope\" itemtype=\"https:\/\/schema.org\/SiteNavigationElement\">\n\n\t\t<ul id=\"menu-lions-1\" class=\"menu\"><li class=\"menu-item menu-item-type-post_type menu-item-object-page menu-item-home menu-item-26\"><a href=\"https:\/\/lionsclubpirna.de\/\">Home<\/a><\/li>\n<li class=\"menu-item menu-item-type-post_type menu-item-object-page menu-item-has-children menu-item-96\"><a href=\"https:\/\/lionsclubpirna.de\/index.php\/lions-club\/\">Lions Club Pirna<\/a>\n<ul class=\"sub-menu\">\n\t<li class=\"menu-item menu-item-type-post_type menu-item-object-page menu-item-186\"><a href=\"https:\/\/lionsclubpirna.de\/index.php\/home\/lions-projekt-erlebnispunkt-fuer-die-pirna-steinpfade\/\">Lions Projekt: Erlebnispunkt f\u00fcr die \u201ePirna Steinpfade\u201c<\/a><\/li>\n<\/ul>\n<\/li>\n<li class=\"menu-item menu-item-type-post_type menu-item-object-page menu-item-has-children menu-item-25\"><a href=\"https:\/\/lionsclubpirna.de\/index.php\/ueber-uns\/\">\u00dcber uns<\/a>\n<ul class=\"sub-menu\">\n\t<li class=\"menu-item menu-item-type-post_type menu-item-object-page menu-item-65\"><a href=\"https:\/\/lionsclubpirna.de\/index.php\/date-und-fakten\/\">Daten und Fakten<\/a><\/li>\n\t<li class=\"menu-item menu-item-type-post_type menu-item-object-page menu-item-has-children menu-item-60\"><a href=\"https:\/\/lionsclubpirna.de\/index.php\/distrikte\/\">Distrikte<\/a>\n\t<ul class=\"sub-menu\">\n\t\t<li class=\"menu-item menu-item-type-post_type menu-item-object-page menu-item-59\"><a href=\"https:\/\/lionsclubpirna.de\/index.php\/distriktsuche\/\">Distriktsuche<\/a><\/li>\n\t<\/ul>\n<\/li>\n\t<li class=\"menu-item menu-item-type-post_type menu-item-object-page menu-item-64\"><a href=\"https:\/\/lionsclubpirna.de\/index.php\/ziele-und-grundsaetze\/\">Ziele und Grunds\u00e4tze<\/a><\/li>\n\t<li class=\"menu-item menu-item-type-post_type menu-item-object-page menu-item-63\"><a href=\"https:\/\/lionsclubpirna.de\/index.php\/historisches\/\">Historisches<\/a><\/li>\n\t<li class=\"menu-item menu-item-type-post_type menu-item-object-page menu-item-62\"><a href=\"https:\/\/lionsclubpirna.de\/index.php\/lions-un\/\">Lions International<\/a><\/li>\n<\/ul>\n<\/li>\n<li class=\"menu-item menu-item-type-post_type menu-item-object-page menu-item-58\"><a href=\"https:\/\/lionsclubpirna.de\/index.php\/lions-stiftung\/\">Lions Stiftung<\/a><\/li>\n<li class=\"menu-item menu-item-type-post_type menu-item-object-page menu-item-238\"><a href=\"https:\/\/lionsclubpirna.de\/index.php\/login\/\">Login f\u00fcr Mitglieder<\/a><\/li>\n<li class=\"menu-item menu-item-type-post_type menu-item-object-page menu-item-680\"><a href=\"https:\/\/lionsclubpirna.de\/index.php\/impressum\/\">Impressum<\/a><\/li>\n<li class=\"search-toggle-li\" ><a href=\"https:\/\/lionsclubpirna.de\/#\" class=\"site-search-toggle search-dropdown-toggle\"><span class=\"screen-reader-text\">Website-Suche umschalten<\/span><i class=\" icon-magnifier\" aria-hidden=\"true\" role=\"img\"><\/i><\/a><\/li><\/ul>\n<div id=\"mobile-menu-search\" class=\"clr\">\n\t<form aria-label=\"Diese Website durchsuchen\" method=\"get\" action=\"https:\/\/lionsclubpirna.de\/\" class=\"mobile-searchform\">\n\t\t<input aria-label=\"Suchabfrage eingeben\" value=\"\" class=\"field\" id=\"ocean-mobile-search-2\" type=\"search\" name=\"s\" autocomplete=\"off\" placeholder=\"Suchen\" \/>\n\t\t<button aria-label=\"Suche starten\" type=\"submit\" class=\"searchform-submit\">\n\t\t\t<i class=\" icon-magnifier\" aria-hidden=\"true\" role=\"img\"><\/i>\t\t<\/button>\n\t\t\t\t\t<\/form>\n<\/div><!-- .mobile-menu-search -->\n\n\t<\/nav>\n\n<\/div>\n\r\n\t\t\t\t<\/div>\r\n\r\n\t\t\t<\/div>\t\t\t\t<\/div>\n\t\t\t\t<\/div>\n\t\t\t\t\t<\/div>\n\t\t<\/div>\n\t\t\t\t<div class=\"elementor-column elementor-col-66 elementor-top-column elementor-element elementor-element-c04aa01\" data-id=\"c04aa01\" data-element_type=\"column\" data-e-type=\"column\">\n\t\t\t<div class=\"elementor-widget-wrap elementor-element-populated\">\n\t\t\t\t\t\t<div class=\"elementor-element elementor-element-ce3d339 elementor-widget elementor-widget-text-editor\" data-id=\"ce3d339\" data-element_type=\"widget\" data-e-type=\"widget\" data-widget_type=\"text-editor.default\">\n\t\t\t\t<div class=\"elementor-widget-container\">\n\t\t\t\t\t\t\t\t\t<div class=\"article_headline\"><h2>Programme f\u00fcr internationale Beziehungen<\/h2><\/div><div class=\"article_teaser\">\u00a0<\/div><div class=\"article_image_left\"><a class=\"fancybox\" title=\"\" href=\"https:\/\/www.lions.de\/documents\/10181\/22551\/Ver_Nationen\/f7e02907-2ec3-4b1f-bf83-b6f0cc82f7ca?t=1400660937000.jpg\" rel=\"group-all\"> <img decoding=\"async\" src=\"https:\/\/www.lions.de\/documents\/10181\/22551\/Ver_Nationen\/f7e02907-2ec3-4b1f-bf83-b6f0cc82f7ca?t=1400660937000&amp;imageThumbnail=3\" alt=\"\" \/> <\/a><\/div><p>Bei Lions Clubs International (LCI) agieren wir global. Deshalb zielen unsere Programme f\u00fcr internationale Beziehungen darauf ab, einen Geist der V\u00f6lkerverst\u00e4ndigung zu schaffen und zu f\u00f6rdern.<\/p><p>Mit unserer Mitwirkung bei der Entwicklung der NGO-Charta der Vereinten Nationen im Jahr 1945 haben wir die Umsetzung dieses Ziels eingeleitet. Mit der Unterzeichnung von UN Global Compact im Jahr 2008 erweiterte LCI seine internationale Ausrichtung noch einmal, um so zur Erf\u00fcllung der UN-Millennium-Entwicklungsziele beizutragen.<\/p><p>Weiterhin bestehen internationale Kooperationen durch Lions fort, und an den folgenden Stellen sind Lions-Repr\u00e4sentanten vertreten:\u00a0<\/p><ul><li>B\u00fcros der Vereinten Nationen in New York, Wien und Genf\u00a0<\/li><li>UNICEF-B\u00fcros in New York, Genf und Nairobi (Kenia)\u00a0<\/li><li>UN-Hauptabteilung f\u00fcr Presse und Information in New York\u00a0<\/li><li>Wirtschafts- und Sozialrat der Vereinten Nationen (ECOSOC) in New York\u00a0<\/li><li>Organisation der Vereinten Nationen f\u00fcr Erziehung, Wissenschaft und Kultur (UNESCO) in Paris\u00a0<\/li><li>Umweltprogramm der Vereinten Nationen (UNEP) in Nairobi (Kenia)\u00a0<\/li><li>UN-Weltern\u00e4hrungsorganisation (FAO) in Rom\u00a0<\/li><li>CO NGO Committee on Narcotics and Substance Abuse in New York\u00a0<\/li><li>Weltgesundheitsorganisation (WHO) in Genf<\/li><li>Europarat<\/li><\/ul><p>Au\u00dferdem bauen Lions auf Clubebene im Rahmen unseres Clubjumelage-Programms internationale Beziehungen auf und arbeiten als Baltic-Sea-Lions und North-Sea-Lions zusammen. <\/p>\t\t\t\t\t\t\t\t<\/div>\n\t\t\t\t<\/div>\n\t\t\t\t\t<\/div>\n\t\t<\/div>\n\t\t\t\t\t<\/div>\n\t\t<\/section>\n\t\t\t\t<\/div>\n\t\t","protected":false},"excerpt":{"rendered":"<p>Lions Club Pirna Programme f\u00fcr internationale Beziehungen &nbsp; Bei Lions Clubs International (LCI) agieren wir global. Deshalb zielen unsere Programme f\u00fcr internationale Beziehungen darauf ab, einen Geist der V\u00f6lkerverst\u00e4ndigung zu [&hellip;]<\/p>\n","protected":false},"author":1,"featured_media":0,"parent":0,"menu_order":0,"comment_status":"closed","ping_status":"closed","template":"","meta":{"_bbp_topic_count":0,"_bbp_reply_count":0,"_bbp_total_topic_count":0,"_bbp_total_reply_count":0,"_bbp_voice_count":0,"_bbp_anonymous_reply_count":0,"_bbp_topic_count_hidden":0,"_bbp_reply_count_hidden":0,"_bbp_forum_subforum_count":0,"ocean_post_layout":"full-screen","ocean_both_sidebars_style":"","ocean_both_sidebars_content_width":0,"ocean_both_sidebars_sidebars_width":0,"ocean_sidebar":"0","ocean_second_sidebar":"0","ocean_disable_margins":"enable","ocean_add_body_class":"","ocean_shortcode_before_top_bar":"","ocean_shortcode_after_top_bar":"","ocean_shortcode_before_header":"","ocean_shortcode_after_header":"","ocean_has_shortcode":"","ocean_shortcode_after_title":"","ocean_shortcode_before_footer_widgets":"","ocean_shortcode_after_footer_widgets":"","ocean_shortcode_before_footer_bottom":"","ocean_shortcode_after_footer_bottom":"","ocean_display_top_bar":"off","ocean_display_header":"default","ocean_header_style":"","ocean_center_header_left_menu":"0","ocean_custom_header_template":"0","ocean_custom_logo":0,"ocean_custom_retina_logo":0,"ocean_custom_logo_max_width":0,"ocean_custom_logo_tablet_max_width":0,"ocean_custom_logo_mobile_max_width":0,"ocean_custom_logo_max_height":0,"ocean_custom_logo_tablet_max_height":0,"ocean_custom_logo_mobile_max_height":0,"ocean_header_custom_menu":"0","ocean_menu_typo_font_family":"0","ocean_menu_typo_font_subset":"","ocean_menu_typo_font_size":0,"ocean_menu_typo_font_size_tablet":0,"ocean_menu_typo_font_size_mobile":0,"ocean_menu_typo_font_size_unit":"px","ocean_menu_typo_font_weight":"","ocean_menu_typo_font_weight_tablet":"","ocean_menu_typo_font_weight_mobile":"","ocean_menu_typo_transform":"","ocean_menu_typo_transform_tablet":"","ocean_menu_typo_transform_mobile":"","ocean_menu_typo_line_height":0,"ocean_menu_typo_line_height_tablet":0,"ocean_menu_typo_line_height_mobile":0,"ocean_menu_typo_line_height_unit":"","ocean_menu_typo_spacing":0,"ocean_menu_typo_spacing_tablet":0,"ocean_menu_typo_spacing_mobile":0,"ocean_menu_typo_spacing_unit":"","ocean_menu_link_color":"","ocean_menu_link_color_hover":"","ocean_menu_link_color_active":"","ocean_menu_link_background":"","ocean_menu_link_hover_background":"","ocean_menu_link_active_background":"","ocean_menu_social_links_bg":"","ocean_menu_social_hover_links_bg":"","ocean_menu_social_links_color":"","ocean_menu_social_hover_links_color":"","ocean_disable_title":"on","ocean_disable_heading":"default","ocean_post_title":"","ocean_post_subheading":"","ocean_post_title_style":"","ocean_post_title_background_color":"","ocean_post_title_background":0,"ocean_post_title_bg_image_position":"","ocean_post_title_bg_image_attachment":"","ocean_post_title_bg_image_repeat":"","ocean_post_title_bg_image_size":"","ocean_post_title_height":0,"ocean_post_title_bg_overlay":0.5,"ocean_post_title_bg_overlay_color":"","ocean_disable_breadcrumbs":"default","ocean_breadcrumbs_color":"","ocean_breadcrumbs_separator_color":"","ocean_breadcrumbs_links_color":"","ocean_breadcrumbs_links_hover_color":"","ocean_display_footer_widgets":"default","ocean_display_footer_bottom":"default","ocean_custom_footer_template":"0","footnotes":""},"class_list":["post-47","page","type-page","status-publish","hentry","entry"],"_links":{"self":[{"href":"https:\/\/lionsclubpirna.de\/index.php\/wp-json\/wp\/v2\/pages\/47","targetHints":{"allow":["GET"]}}],"collection":[{"href":"https:\/\/lionsclubpirna.de\/index.php\/wp-json\/wp\/v2\/pages"}],"about":[{"href":"https:\/\/lionsclubpirna.de\/index.php\/wp-json\/wp\/v2\/types\/page"}],"author":[{"embeddable":true,"href":"https:\/\/lionsclubpirna.de\/index.php\/wp-json\/wp\/v2\/users\/1"}],"replies":[{"embeddable":true,"href":"https:\/\/lionsclubpirna.de\/index.php\/wp-json\/wp\/v2\/comments?post=47"}],"version-history":[{"count":8,"href":"https:\/\/lionsclubpirna.de\/index.php\/wp-json\/wp\/v2\/pages\/47\/revisions"}],"predecessor-version":[{"id":171,"href":"https:\/\/lionsclubpirna.de\/index.php\/wp-json\/wp\/v2\/pages\/47\/revisions\/171"}],"wp:attachment":[{"href":"https:\/\/lionsclubpirna.de\/index.php\/wp-json\/wp\/v2\/media?parent=47"}],"curies":[{"name":"wp","href":"https:\/\/api.w.org\/{rel}","templated":true}]}}