{"id":45,"date":"2019-08-23T07:04:57","date_gmt":"2019-08-23T07:04:57","guid":{"rendered":"http:\/\/lionsclubpirna.de\/?page_id=45"},"modified":"2019-09-11T14:18:25","modified_gmt":"2019-09-11T14:18:25","slug":"historisches","status":"publish","type":"page","link":"https:\/\/lionsclubpirna.de\/index.php\/historisches\/","title":{"rendered":"Historisches"},"content":{"rendered":"\t\t<div data-elementor-type=\"wp-post\" data-elementor-id=\"45\" class=\"elementor elementor-45\">\n\t\t\t\t\t\t<section class=\"elementor-section elementor-top-section elementor-element elementor-element-983d972 elementor-section-full_width elementor-section-height-default elementor-section-height-default\" data-id=\"983d972\" data-element_type=\"section\" data-e-type=\"section\">\n\t\t\t\t\t\t<div class=\"elementor-container elementor-column-gap-default\">\n\t\t\t\t\t<div class=\"elementor-column elementor-col-100 elementor-top-column elementor-element elementor-element-4515218\" data-id=\"4515218\" data-element_type=\"column\" data-e-type=\"column\">\n\t\t\t<div class=\"elementor-widget-wrap elementor-element-populated\">\n\t\t\t\t\t\t<div class=\"elementor-element elementor-element-2272882 elementor-widget elementor-widget-heading\" data-id=\"2272882\" data-element_type=\"widget\" data-e-type=\"widget\" data-widget_type=\"heading.default\">\n\t\t\t\t<div class=\"elementor-widget-container\">\n\t\t\t\t\t<h3 class=\"elementor-heading-title elementor-size-large\">Lions Club Pirna <\/h3>\t\t\t\t<\/div>\n\t\t\t\t<\/div>\n\t\t\t\t\t<\/div>\n\t\t<\/div>\n\t\t\t\t\t<\/div>\n\t\t<\/section>\n\t\t\t\t<section class=\"elementor-section elementor-top-section elementor-element elementor-element-d318b19 elementor-section-boxed elementor-section-height-default elementor-section-height-default\" data-id=\"d318b19\" data-element_type=\"section\" data-e-type=\"section\">\n\t\t\t\t\t\t<div class=\"elementor-container elementor-column-gap-default\">\n\t\t\t\t\t<div class=\"elementor-column elementor-col-33 elementor-top-column elementor-element elementor-element-e84eba7\" data-id=\"e84eba7\" data-element_type=\"column\" data-e-type=\"column\">\n\t\t\t<div class=\"elementor-widget-wrap elementor-element-populated\">\n\t\t\t\t\t\t<div class=\"elementor-element elementor-element-29d4ce7 elementor-invisible elementor-widget elementor-widget-sidebar\" data-id=\"29d4ce7\" data-element_type=\"widget\" data-e-type=\"widget\" data-settings=\"{&quot;_animation&quot;:&quot;rollIn&quot;}\" data-widget_type=\"sidebar.default\">\n\t\t\t\t<div class=\"elementor-widget-container\">\n\t\t\t\t\t<div id=\"ocean_custom_header_nav-3\" class=\"sidebar-box widget-oceanwp-custom-header-nav custom-header-nav-widget clr\">\r\n\t\t\t\t<div class=\"custom-header-nav clr left\">\r\n\r\n\t\t\t\t\t\t\t\t<div id=\"site-navigation-wrap\" class=\"clr\">\n\t\t\t\n\t\t\t\n\t\t\t\n\t\t\t<nav id=\"site-navigation\" class=\"navigation main-navigation clr\" itemscope=\"itemscope\" itemtype=\"https:\/\/schema.org\/SiteNavigationElement\" role=\"navigation\" >\n\n\t\t\t\t<ul id=\"menu-lions\" class=\"main-menu dropdown-menu sf-menu\"><li id=\"menu-item-26\" class=\"menu-item menu-item-type-post_type menu-item-object-page menu-item-home menu-item-26\"><a href=\"https:\/\/lionsclubpirna.de\/\" class=\"menu-link\"><span class=\"text-wrap\">Home<\/span><\/a><\/li><li id=\"menu-item-96\" class=\"menu-item menu-item-type-post_type menu-item-object-page menu-item-has-children dropdown menu-item-96\"><a href=\"https:\/\/lionsclubpirna.de\/index.php\/lions-club\/\" class=\"menu-link\"><span class=\"text-wrap\">Lions Club Pirna<i class=\"nav-arrow fa fa-angle-down\" aria-hidden=\"true\" role=\"img\"><\/i><\/span><\/a>\n<ul class=\"sub-menu\">\n\t<li id=\"menu-item-186\" class=\"menu-item menu-item-type-post_type menu-item-object-page menu-item-186\"><a href=\"https:\/\/lionsclubpirna.de\/index.php\/home\/lions-projekt-erlebnispunkt-fuer-die-pirna-steinpfade\/\" class=\"menu-link\"><span class=\"text-wrap\">Lions Projekt: Erlebnispunkt f\u00fcr die \u201ePirna Steinpfade\u201c<\/span><\/a><\/li><\/ul>\n<\/li><li id=\"menu-item-25\" class=\"menu-item menu-item-type-post_type menu-item-object-page menu-item-has-children dropdown menu-item-25\"><a href=\"https:\/\/lionsclubpirna.de\/index.php\/ueber-uns\/\" class=\"menu-link\"><span class=\"text-wrap\">\u00dcber uns<i class=\"nav-arrow fa fa-angle-down\" aria-hidden=\"true\" role=\"img\"><\/i><\/span><\/a>\n<ul class=\"sub-menu\">\n\t<li id=\"menu-item-65\" class=\"menu-item menu-item-type-post_type menu-item-object-page menu-item-65\"><a href=\"https:\/\/lionsclubpirna.de\/index.php\/date-und-fakten\/\" class=\"menu-link\"><span class=\"text-wrap\">Daten und Fakten<\/span><\/a><\/li>\t<li id=\"menu-item-60\" class=\"menu-item menu-item-type-post_type menu-item-object-page menu-item-has-children dropdown menu-item-60\"><a href=\"https:\/\/lionsclubpirna.de\/index.php\/distrikte\/\" class=\"menu-link\"><span class=\"text-wrap\">Distrikte<i class=\"nav-arrow fa fa-angle-right\" aria-hidden=\"true\" role=\"img\"><\/i><\/span><\/a>\n\t<ul class=\"sub-menu\">\n\t\t<li id=\"menu-item-59\" class=\"menu-item menu-item-type-post_type menu-item-object-page menu-item-59\"><a href=\"https:\/\/lionsclubpirna.de\/index.php\/distriktsuche\/\" class=\"menu-link\"><span class=\"text-wrap\">Distriktsuche<\/span><\/a><\/li>\t<\/ul>\n<\/li>\t<li id=\"menu-item-64\" class=\"menu-item menu-item-type-post_type menu-item-object-page menu-item-64\"><a href=\"https:\/\/lionsclubpirna.de\/index.php\/ziele-und-grundsaetze\/\" class=\"menu-link\"><span class=\"text-wrap\">Ziele und Grunds\u00e4tze<\/span><\/a><\/li>\t<li id=\"menu-item-63\" class=\"menu-item menu-item-type-post_type menu-item-object-page menu-item-63\"><a href=\"https:\/\/lionsclubpirna.de\/index.php\/historisches\/\" class=\"menu-link\"><span class=\"text-wrap\">Historisches<\/span><\/a><\/li>\t<li id=\"menu-item-62\" class=\"menu-item menu-item-type-post_type menu-item-object-page menu-item-62\"><a href=\"https:\/\/lionsclubpirna.de\/index.php\/lions-un\/\" class=\"menu-link\"><span class=\"text-wrap\">Lions International<\/span><\/a><\/li><\/ul>\n<\/li><li id=\"menu-item-58\" class=\"menu-item menu-item-type-post_type menu-item-object-page menu-item-58\"><a href=\"https:\/\/lionsclubpirna.de\/index.php\/lions-stiftung\/\" class=\"menu-link\"><span class=\"text-wrap\">Lions Stiftung<\/span><\/a><\/li><li id=\"menu-item-238\" class=\"menu-item menu-item-type-post_type menu-item-object-page menu-item-238\"><a href=\"https:\/\/lionsclubpirna.de\/index.php\/login\/\" class=\"menu-link\"><span class=\"text-wrap\">Login f\u00fcr Mitglieder<\/span><\/a><\/li><li id=\"menu-item-680\" class=\"menu-item menu-item-type-post_type menu-item-object-page menu-item-680\"><a href=\"https:\/\/lionsclubpirna.de\/index.php\/impressum\/\" class=\"menu-link\"><span class=\"text-wrap\">Impressum<\/span><\/a><\/li><li class=\"search-toggle-li\" ><a href=\"https:\/\/lionsclubpirna.de\/#\" class=\"site-search-toggle search-dropdown-toggle\"><span class=\"screen-reader-text\">Website-Suche umschalten<\/span><i class=\" icon-magnifier\" aria-hidden=\"true\" role=\"img\"><\/i><\/a><\/li><\/ul>\n<div id=\"searchform-dropdown\" class=\"header-searchform-wrap clr\" >\n\t\n<form aria-label=\"Diese Website durchsuchen\" role=\"search\" method=\"get\" class=\"searchform\" action=\"https:\/\/lionsclubpirna.de\/\">\t\n\t<input aria-label=\"Suchabfrage eingeben\" type=\"search\" id=\"ocean-search-form-1\" class=\"field\" autocomplete=\"off\" placeholder=\"Suchen\" name=\"s\">\n\t\t<\/form>\n<\/div><!-- #searchform-dropdown -->\n\n\t\t\t<\/nav><!-- #site-navigation -->\n\n\t\t\t\n\t\t\t\n\t\t\t\t\t<\/div><!-- #site-navigation-wrap -->\n\t\t\t\n\t\t\n\t\n\t\n\t<div class=\"oceanwp-mobile-menu-icon clr mobile-right\">\n\n\t\t\n\t\t\n\t\t\n\t\t<a href=\"https:\/\/lionsclubpirna.de\/#mobile-menu-toggle\" class=\"mobile-menu\"  aria-label=\"Mobilmen\u00fc\">\n\t\t\t\t\t\t\t<i class=\"fa fa-bars\" aria-hidden=\"true\"><\/i>\n\t\t\t\t\t\t\t\t<span class=\"oceanwp-text\">Men\u00fc<\/span>\n\t\t\t\t<span class=\"oceanwp-close-text\">Schlie\u00dfen<\/span>\n\t\t\t\t\t\t<\/a>\n\n\t\t\n\t\t\n\t\t\n\t<\/div><!-- #oceanwp-mobile-menu-navbar -->\n\n\t\n\n<div id=\"mobile-dropdown\" class=\"clr\" >\n\n\t<nav class=\"clr\" itemscope=\"itemscope\" itemtype=\"https:\/\/schema.org\/SiteNavigationElement\">\n\n\t\t<ul id=\"menu-lions-1\" class=\"menu\"><li class=\"menu-item menu-item-type-post_type menu-item-object-page menu-item-home menu-item-26\"><a href=\"https:\/\/lionsclubpirna.de\/\">Home<\/a><\/li>\n<li class=\"menu-item menu-item-type-post_type menu-item-object-page menu-item-has-children menu-item-96\"><a href=\"https:\/\/lionsclubpirna.de\/index.php\/lions-club\/\">Lions Club Pirna<\/a>\n<ul class=\"sub-menu\">\n\t<li class=\"menu-item menu-item-type-post_type menu-item-object-page menu-item-186\"><a href=\"https:\/\/lionsclubpirna.de\/index.php\/home\/lions-projekt-erlebnispunkt-fuer-die-pirna-steinpfade\/\">Lions Projekt: Erlebnispunkt f\u00fcr die \u201ePirna Steinpfade\u201c<\/a><\/li>\n<\/ul>\n<\/li>\n<li class=\"menu-item menu-item-type-post_type menu-item-object-page menu-item-has-children menu-item-25\"><a href=\"https:\/\/lionsclubpirna.de\/index.php\/ueber-uns\/\">\u00dcber uns<\/a>\n<ul class=\"sub-menu\">\n\t<li class=\"menu-item menu-item-type-post_type menu-item-object-page menu-item-65\"><a href=\"https:\/\/lionsclubpirna.de\/index.php\/date-und-fakten\/\">Daten und Fakten<\/a><\/li>\n\t<li class=\"menu-item menu-item-type-post_type menu-item-object-page menu-item-has-children menu-item-60\"><a href=\"https:\/\/lionsclubpirna.de\/index.php\/distrikte\/\">Distrikte<\/a>\n\t<ul class=\"sub-menu\">\n\t\t<li class=\"menu-item menu-item-type-post_type menu-item-object-page menu-item-59\"><a href=\"https:\/\/lionsclubpirna.de\/index.php\/distriktsuche\/\">Distriktsuche<\/a><\/li>\n\t<\/ul>\n<\/li>\n\t<li class=\"menu-item menu-item-type-post_type menu-item-object-page menu-item-64\"><a href=\"https:\/\/lionsclubpirna.de\/index.php\/ziele-und-grundsaetze\/\">Ziele und Grunds\u00e4tze<\/a><\/li>\n\t<li class=\"menu-item menu-item-type-post_type menu-item-object-page menu-item-63\"><a href=\"https:\/\/lionsclubpirna.de\/index.php\/historisches\/\">Historisches<\/a><\/li>\n\t<li class=\"menu-item menu-item-type-post_type menu-item-object-page menu-item-62\"><a href=\"https:\/\/lionsclubpirna.de\/index.php\/lions-un\/\">Lions International<\/a><\/li>\n<\/ul>\n<\/li>\n<li class=\"menu-item menu-item-type-post_type menu-item-object-page menu-item-58\"><a href=\"https:\/\/lionsclubpirna.de\/index.php\/lions-stiftung\/\">Lions Stiftung<\/a><\/li>\n<li class=\"menu-item menu-item-type-post_type menu-item-object-page menu-item-238\"><a href=\"https:\/\/lionsclubpirna.de\/index.php\/login\/\">Login f\u00fcr Mitglieder<\/a><\/li>\n<li class=\"menu-item menu-item-type-post_type menu-item-object-page menu-item-680\"><a href=\"https:\/\/lionsclubpirna.de\/index.php\/impressum\/\">Impressum<\/a><\/li>\n<li class=\"search-toggle-li\" ><a href=\"https:\/\/lionsclubpirna.de\/#\" class=\"site-search-toggle search-dropdown-toggle\"><span class=\"screen-reader-text\">Website-Suche umschalten<\/span><i class=\" icon-magnifier\" aria-hidden=\"true\" role=\"img\"><\/i><\/a><\/li><\/ul>\n<div id=\"mobile-menu-search\" class=\"clr\">\n\t<form aria-label=\"Diese Website durchsuchen\" method=\"get\" action=\"https:\/\/lionsclubpirna.de\/\" class=\"mobile-searchform\">\n\t\t<input aria-label=\"Suchabfrage eingeben\" value=\"\" class=\"field\" id=\"ocean-mobile-search-2\" type=\"search\" name=\"s\" autocomplete=\"off\" placeholder=\"Suchen\" \/>\n\t\t<button aria-label=\"Suche starten\" type=\"submit\" class=\"searchform-submit\">\n\t\t\t<i class=\" icon-magnifier\" aria-hidden=\"true\" role=\"img\"><\/i>\t\t<\/button>\n\t\t\t\t\t<\/form>\n<\/div><!-- .mobile-menu-search -->\n\n\t<\/nav>\n\n<\/div>\n\r\n\t\t\t\t<\/div>\r\n\r\n\t\t\t<\/div>\t\t\t\t<\/div>\n\t\t\t\t<\/div>\n\t\t\t\t\t<\/div>\n\t\t<\/div>\n\t\t\t\t<div class=\"elementor-column elementor-col-66 elementor-top-column elementor-element elementor-element-93beecf\" data-id=\"93beecf\" data-element_type=\"column\" data-e-type=\"column\">\n\t\t\t<div class=\"elementor-widget-wrap elementor-element-populated\">\n\t\t\t\t\t\t<div class=\"elementor-element elementor-element-a643478 elementor-widget elementor-widget-text-editor\" data-id=\"a643478\" data-element_type=\"widget\" data-e-type=\"widget\" data-widget_type=\"text-editor.default\">\n\t\t\t\t<div class=\"elementor-widget-container\">\n\t\t\t\t\t\t\t\t\t<div class=\"article_headline\"><h2>Der Beginn, die Welt ein St\u00fcck besser zu machen&#8230;<\/h2><\/div><div class=\"article_teaser\">\u00a0<\/div><div class=\"article_image_left\"><a class=\"fancybox\" title=\"\" href=\"https:\/\/www.lions.de\/documents\/10181\/22551\/LIO_international\/daf42333-c0b9-47b6-924d-c24be9e18c6a?t=1400660691000.jpg\" rel=\"group-all\"> <img decoding=\"async\" src=\"https:\/\/www.lions.de\/documents\/10181\/22551\/LIO_international\/daf42333-c0b9-47b6-924d-c24be9e18c6a?t=1400660691000&amp;imageThumbnail=3\" alt=\"\" \/> <\/a><\/div><p><strong>Die Internationale Vereinigung der Lions Clubs war zun\u00e4chst nichts als ein Traum von Melvin Jones, einem Gesch\u00e4ftsmann aus Chicago. Er war der \u00dcberzeugung, dass Business-Clubs ihren Horizont \u00fcber rein gesch\u00e4ftliche Belange hinaus erweitern und sich f\u00fcr ein besseres kommunales Zusammenleben und eine bessere Welt einsetzen sollten.<\/strong><\/p><p>Jones&#8216; Business-Club, der Business Circle of Chicago, sah das genauso. Nachdem er zu gleich gesinnten Gruppen in den USA Kontakt aufgenommen hatte, fand am 7. Juni 1917 in Chicago das Gr\u00fcndungstreffen statt. Der neue Club nahm den Namen einer der eingeladenen Gruppen, der \u201eAssociation of Lions Clubs&#8220;, an. Im Oktober 1917 fand in Dallas der erste nationale Kongress statt, bei dem eine Satzung verabschiedet sowie Zusatzbestimmungen, Ziele und ethische Grunds\u00e4tze festgelegt wurden.<\/p><p>Einer der Grunds\u00e4tze der Anfangsjahre lautete: \u201eKein Club soll die finanzielle Bereicherung seiner Mitglieder zum Ziel haben.&#8220; Dieses Streben nach gemeinn\u00fctziger Arbeit ist bis heute einer der wichtigsten Grunds\u00e4tze der Vereinigung.<\/p><p>Nach nur drei Jahren wurde 1920 in Kanada der erste internationale Club gegr\u00fcndet. In den 50er- und 60er-Jahren entstanden dann weltweit mehr und mehr Clubs, insbesondere in Europa, Asien und Afrika.<\/p><p>Helen Keller, taubblinde US-amerikanische Schriftstellerin und engagierte Menschenrechtlerin, rief die Lions auf ihrem internationalen Kongress in Cedar Point (US-Bundesstaat Ohio) dazu auf, \u201eRitter der Blinden im Kreuzzug gegen die Finsternis&#8220; zu werden. Seitdem setzen sich Lions aktiv in der Blindenhilfe und f\u00fcr Sehbehinderte ein und riefen das Projekt SightFirst ins Leben. Au\u00dferdem engagieren sich Lions weltweit f\u00fcr die Jugendf\u00f6rderung, den Umweltschutz, die Arbeit mit Behinderten \u2013 speziell Geh\u00f6rlosen \u2013 und leisten auf der ganzen Welt Katastrophenhilfe.<\/p><p>Im Jahr 1945 unterst\u00fctzte Lions Clubs International (LCI) die UNO beim Aufbau der Abteilung f\u00fcr NGOs (Nichtregierungsorganisationen). LCI hat mittlerweile eine gro\u00dfe internationale Bedeutung erlangt und ist beratend f\u00fcr die UNO t\u00e4tig.<\/p><p>Inzwischen hat LCI ca. 1,3 Million Mitglieder die in rund 45.000 Clubs in ca. 200 L\u00e4ndern und Regionen aktiv sind.<\/p><p>Schauen Sie sich eine Multimediapr\u00e4sentation zur Geschichte von <a href=\"http:\/\/lionsclubs.org\/incphp\/popups\/GE\/lions_history_photos.php\" target=\"_blank\" rel=\"noopener\">Lions Clubs International<\/a> an.<\/p>\t\t\t\t\t\t\t\t<\/div>\n\t\t\t\t<\/div>\n\t\t\t\t\t<\/div>\n\t\t<\/div>\n\t\t\t\t\t<\/div>\n\t\t<\/section>\n\t\t\t\t<\/div>\n\t\t","protected":false},"excerpt":{"rendered":"<p>Lions Club Pirna Der Beginn, die Welt ein St\u00fcck besser zu machen&#8230; &nbsp; Die Internationale Vereinigung der Lions Clubs war zun\u00e4chst nichts als ein Traum von Melvin Jones, einem Gesch\u00e4ftsmann [&hellip;]<\/p>\n","protected":false},"author":1,"featured_media":0,"parent":0,"menu_order":0,"comment_status":"closed","ping_status":"closed","template":"","meta":{"_bbp_topic_count":0,"_bbp_reply_count":0,"_bbp_total_topic_count":0,"_bbp_total_reply_count":0,"_bbp_voice_count":0,"_bbp_anonymous_reply_count":0,"_bbp_topic_count_hidden":0,"_bbp_reply_count_hidden":0,"_bbp_forum_subforum_count":0,"ocean_post_layout":"full-screen","ocean_both_sidebars_style":"","ocean_both_sidebars_content_width":0,"ocean_both_sidebars_sidebars_width":0,"ocean_sidebar":"0","ocean_second_sidebar":"0","ocean_disable_margins":"enable","ocean_add_body_class":"","ocean_shortcode_before_top_bar":"","ocean_shortcode_after_top_bar":"","ocean_shortcode_before_header":"","ocean_shortcode_after_header":"","ocean_has_shortcode":"","ocean_shortcode_after_title":"","ocean_shortcode_before_footer_widgets":"","ocean_shortcode_after_footer_widgets":"","ocean_shortcode_before_footer_bottom":"","ocean_shortcode_after_footer_bottom":"","ocean_display_top_bar":"off","ocean_display_header":"default","ocean_header_style":"","ocean_center_header_left_menu":"0","ocean_custom_header_template":"0","ocean_custom_logo":0,"ocean_custom_retina_logo":0,"ocean_custom_logo_max_width":0,"ocean_custom_logo_tablet_max_width":0,"ocean_custom_logo_mobile_max_width":0,"ocean_custom_logo_max_height":0,"ocean_custom_logo_tablet_max_height":0,"ocean_custom_logo_mobile_max_height":0,"ocean_header_custom_menu":"0","ocean_menu_typo_font_family":"0","ocean_menu_typo_font_subset":"","ocean_menu_typo_font_size":0,"ocean_menu_typo_font_size_tablet":0,"ocean_menu_typo_font_size_mobile":0,"ocean_menu_typo_font_size_unit":"px","ocean_menu_typo_font_weight":"","ocean_menu_typo_font_weight_tablet":"","ocean_menu_typo_font_weight_mobile":"","ocean_menu_typo_transform":"","ocean_menu_typo_transform_tablet":"","ocean_menu_typo_transform_mobile":"","ocean_menu_typo_line_height":0,"ocean_menu_typo_line_height_tablet":0,"ocean_menu_typo_line_height_mobile":0,"ocean_menu_typo_line_height_unit":"","ocean_menu_typo_spacing":0,"ocean_menu_typo_spacing_tablet":0,"ocean_menu_typo_spacing_mobile":0,"ocean_menu_typo_spacing_unit":"","ocean_menu_link_color":"","ocean_menu_link_color_hover":"","ocean_menu_link_color_active":"","ocean_menu_link_background":"","ocean_menu_link_hover_background":"","ocean_menu_link_active_background":"","ocean_menu_social_links_bg":"","ocean_menu_social_hover_links_bg":"","ocean_menu_social_links_color":"","ocean_menu_social_hover_links_color":"","ocean_disable_title":"on","ocean_disable_heading":"default","ocean_post_title":"","ocean_post_subheading":"","ocean_post_title_style":"","ocean_post_title_background_color":"","ocean_post_title_background":0,"ocean_post_title_bg_image_position":"","ocean_post_title_bg_image_attachment":"","ocean_post_title_bg_image_repeat":"","ocean_post_title_bg_image_size":"","ocean_post_title_height":0,"ocean_post_title_bg_overlay":0.5,"ocean_post_title_bg_overlay_color":"","ocean_disable_breadcrumbs":"default","ocean_breadcrumbs_color":"","ocean_breadcrumbs_separator_color":"","ocean_breadcrumbs_links_color":"","ocean_breadcrumbs_links_hover_color":"","ocean_display_footer_widgets":"default","ocean_display_footer_bottom":"default","ocean_custom_footer_template":"0","footnotes":""},"class_list":["post-45","page","type-page","status-publish","hentry","entry"],"_links":{"self":[{"href":"https:\/\/lionsclubpirna.de\/index.php\/wp-json\/wp\/v2\/pages\/45","targetHints":{"allow":["GET"]}}],"collection":[{"href":"https:\/\/lionsclubpirna.de\/index.php\/wp-json\/wp\/v2\/pages"}],"about":[{"href":"https:\/\/lionsclubpirna.de\/index.php\/wp-json\/wp\/v2\/types\/page"}],"author":[{"embeddable":true,"href":"https:\/\/lionsclubpirna.de\/index.php\/wp-json\/wp\/v2\/users\/1"}],"replies":[{"embeddable":true,"href":"https:\/\/lionsclubpirna.de\/index.php\/wp-json\/wp\/v2\/comments?post=45"}],"version-history":[{"count":6,"href":"https:\/\/lionsclubpirna.de\/index.php\/wp-json\/wp\/v2\/pages\/45\/revisions"}],"predecessor-version":[{"id":196,"href":"https:\/\/lionsclubpirna.de\/index.php\/wp-json\/wp\/v2\/pages\/45\/revisions\/196"}],"wp:attachment":[{"href":"https:\/\/lionsclubpirna.de\/index.php\/wp-json\/wp\/v2\/media?parent=45"}],"curies":[{"name":"wp","href":"https:\/\/api.w.org\/{rel}","templated":true}]}}