{"id":43,"date":"2019-08-23T07:04:11","date_gmt":"2019-08-23T07:04:11","guid":{"rendered":"http:\/\/lionsclubpirna.de\/?page_id=43"},"modified":"2019-09-09T10:32:20","modified_gmt":"2019-09-09T10:32:20","slug":"ziele-und-grundsaetze","status":"publish","type":"page","link":"https:\/\/lionsclubpirna.de\/index.php\/ziele-und-grundsaetze\/","title":{"rendered":"Ziele und Grunds\u00e4tze"},"content":{"rendered":"\t\t<div data-elementor-type=\"wp-post\" data-elementor-id=\"43\" class=\"elementor elementor-43\">\n\t\t\t\t\t\t<section class=\"elementor-section elementor-top-section elementor-element elementor-element-89c3d7a elementor-section-full_width elementor-section-height-default elementor-section-height-default\" data-id=\"89c3d7a\" data-element_type=\"section\" data-e-type=\"section\">\n\t\t\t\t\t\t<div class=\"elementor-container elementor-column-gap-default\">\n\t\t\t\t\t<div class=\"elementor-column elementor-col-100 elementor-top-column elementor-element elementor-element-b8b5627\" data-id=\"b8b5627\" data-element_type=\"column\" data-e-type=\"column\">\n\t\t\t<div class=\"elementor-widget-wrap elementor-element-populated\">\n\t\t\t\t\t\t<div class=\"elementor-element elementor-element-4d75130 elementor-widget elementor-widget-heading\" data-id=\"4d75130\" data-element_type=\"widget\" data-e-type=\"widget\" data-widget_type=\"heading.default\">\n\t\t\t\t<div class=\"elementor-widget-container\">\n\t\t\t\t\t<h3 class=\"elementor-heading-title elementor-size-large\">Lions Club Pirna <\/h3>\t\t\t\t<\/div>\n\t\t\t\t<\/div>\n\t\t\t\t\t<\/div>\n\t\t<\/div>\n\t\t\t\t\t<\/div>\n\t\t<\/section>\n\t\t\t\t<section class=\"elementor-section elementor-top-section elementor-element elementor-element-07b834a elementor-section-boxed elementor-section-height-default elementor-section-height-default\" data-id=\"07b834a\" data-element_type=\"section\" data-e-type=\"section\">\n\t\t\t\t\t\t<div class=\"elementor-container elementor-column-gap-default\">\n\t\t\t\t\t<div class=\"elementor-column elementor-col-33 elementor-top-column elementor-element elementor-element-227b5a9\" data-id=\"227b5a9\" data-element_type=\"column\" data-e-type=\"column\">\n\t\t\t<div class=\"elementor-widget-wrap elementor-element-populated\">\n\t\t\t\t\t\t<div class=\"elementor-element elementor-element-c1f4e82 elementor-invisible elementor-widget elementor-widget-sidebar\" data-id=\"c1f4e82\" data-element_type=\"widget\" data-e-type=\"widget\" data-settings=\"{&quot;_animation&quot;:&quot;rollIn&quot;}\" data-widget_type=\"sidebar.default\">\n\t\t\t\t<div class=\"elementor-widget-container\">\n\t\t\t\t\t<div id=\"ocean_custom_header_nav-3\" class=\"sidebar-box widget-oceanwp-custom-header-nav custom-header-nav-widget clr\">\r\n\t\t\t\t<div class=\"custom-header-nav clr left\">\r\n\r\n\t\t\t\t\t\t\t\t<div id=\"site-navigation-wrap\" class=\"clr\">\n\t\t\t\n\t\t\t\n\t\t\t\n\t\t\t<nav id=\"site-navigation\" class=\"navigation main-navigation clr\" itemscope=\"itemscope\" itemtype=\"https:\/\/schema.org\/SiteNavigationElement\" role=\"navigation\" >\n\n\t\t\t\t<ul id=\"menu-lions\" class=\"main-menu dropdown-menu sf-menu\"><li id=\"menu-item-26\" class=\"menu-item menu-item-type-post_type menu-item-object-page menu-item-home menu-item-26\"><a href=\"https:\/\/lionsclubpirna.de\/\" class=\"menu-link\"><span class=\"text-wrap\">Home<\/span><\/a><\/li><li id=\"menu-item-96\" class=\"menu-item menu-item-type-post_type menu-item-object-page menu-item-has-children dropdown menu-item-96\"><a href=\"https:\/\/lionsclubpirna.de\/index.php\/lions-club\/\" class=\"menu-link\"><span class=\"text-wrap\">Lions Club Pirna<i class=\"nav-arrow fa fa-angle-down\" aria-hidden=\"true\" role=\"img\"><\/i><\/span><\/a>\n<ul class=\"sub-menu\">\n\t<li id=\"menu-item-186\" class=\"menu-item menu-item-type-post_type menu-item-object-page menu-item-186\"><a href=\"https:\/\/lionsclubpirna.de\/index.php\/home\/lions-projekt-erlebnispunkt-fuer-die-pirna-steinpfade\/\" class=\"menu-link\"><span class=\"text-wrap\">Lions Projekt: Erlebnispunkt f\u00fcr die \u201ePirna Steinpfade\u201c<\/span><\/a><\/li><\/ul>\n<\/li><li id=\"menu-item-25\" class=\"menu-item menu-item-type-post_type menu-item-object-page menu-item-has-children dropdown menu-item-25\"><a href=\"https:\/\/lionsclubpirna.de\/index.php\/ueber-uns\/\" class=\"menu-link\"><span class=\"text-wrap\">\u00dcber uns<i class=\"nav-arrow fa fa-angle-down\" aria-hidden=\"true\" role=\"img\"><\/i><\/span><\/a>\n<ul class=\"sub-menu\">\n\t<li id=\"menu-item-65\" class=\"menu-item menu-item-type-post_type menu-item-object-page menu-item-65\"><a href=\"https:\/\/lionsclubpirna.de\/index.php\/date-und-fakten\/\" class=\"menu-link\"><span class=\"text-wrap\">Daten und Fakten<\/span><\/a><\/li>\t<li id=\"menu-item-60\" class=\"menu-item menu-item-type-post_type menu-item-object-page menu-item-has-children dropdown menu-item-60\"><a href=\"https:\/\/lionsclubpirna.de\/index.php\/distrikte\/\" class=\"menu-link\"><span class=\"text-wrap\">Distrikte<i class=\"nav-arrow fa fa-angle-right\" aria-hidden=\"true\" role=\"img\"><\/i><\/span><\/a>\n\t<ul class=\"sub-menu\">\n\t\t<li id=\"menu-item-59\" class=\"menu-item menu-item-type-post_type menu-item-object-page menu-item-59\"><a href=\"https:\/\/lionsclubpirna.de\/index.php\/distriktsuche\/\" class=\"menu-link\"><span class=\"text-wrap\">Distriktsuche<\/span><\/a><\/li>\t<\/ul>\n<\/li>\t<li id=\"menu-item-64\" class=\"menu-item menu-item-type-post_type menu-item-object-page menu-item-64\"><a href=\"https:\/\/lionsclubpirna.de\/index.php\/ziele-und-grundsaetze\/\" class=\"menu-link\"><span class=\"text-wrap\">Ziele und Grunds\u00e4tze<\/span><\/a><\/li>\t<li id=\"menu-item-63\" class=\"menu-item menu-item-type-post_type menu-item-object-page menu-item-63\"><a href=\"https:\/\/lionsclubpirna.de\/index.php\/historisches\/\" class=\"menu-link\"><span class=\"text-wrap\">Historisches<\/span><\/a><\/li>\t<li id=\"menu-item-62\" class=\"menu-item menu-item-type-post_type menu-item-object-page menu-item-62\"><a href=\"https:\/\/lionsclubpirna.de\/index.php\/lions-un\/\" class=\"menu-link\"><span class=\"text-wrap\">Lions International<\/span><\/a><\/li><\/ul>\n<\/li><li id=\"menu-item-58\" class=\"menu-item menu-item-type-post_type menu-item-object-page menu-item-58\"><a href=\"https:\/\/lionsclubpirna.de\/index.php\/lions-stiftung\/\" class=\"menu-link\"><span class=\"text-wrap\">Lions Stiftung<\/span><\/a><\/li><li id=\"menu-item-238\" class=\"menu-item menu-item-type-post_type menu-item-object-page menu-item-238\"><a href=\"https:\/\/lionsclubpirna.de\/index.php\/login\/\" class=\"menu-link\"><span class=\"text-wrap\">Login f\u00fcr Mitglieder<\/span><\/a><\/li><li id=\"menu-item-680\" class=\"menu-item menu-item-type-post_type menu-item-object-page menu-item-680\"><a href=\"https:\/\/lionsclubpirna.de\/index.php\/impressum\/\" class=\"menu-link\"><span class=\"text-wrap\">Impressum<\/span><\/a><\/li><li class=\"search-toggle-li\" ><a href=\"https:\/\/lionsclubpirna.de\/#\" class=\"site-search-toggle search-dropdown-toggle\"><span class=\"screen-reader-text\">Website-Suche umschalten<\/span><i class=\" icon-magnifier\" aria-hidden=\"true\" role=\"img\"><\/i><\/a><\/li><\/ul>\n<div id=\"searchform-dropdown\" class=\"header-searchform-wrap clr\" >\n\t\n<form aria-label=\"Diese Website durchsuchen\" role=\"search\" method=\"get\" class=\"searchform\" action=\"https:\/\/lionsclubpirna.de\/\">\t\n\t<input aria-label=\"Suchabfrage eingeben\" type=\"search\" id=\"ocean-search-form-1\" class=\"field\" autocomplete=\"off\" placeholder=\"Suchen\" name=\"s\">\n\t\t<\/form>\n<\/div><!-- #searchform-dropdown -->\n\n\t\t\t<\/nav><!-- #site-navigation -->\n\n\t\t\t\n\t\t\t\n\t\t\t\t\t<\/div><!-- #site-navigation-wrap -->\n\t\t\t\n\t\t\n\t\n\t\n\t<div class=\"oceanwp-mobile-menu-icon clr mobile-right\">\n\n\t\t\n\t\t\n\t\t\n\t\t<a href=\"https:\/\/lionsclubpirna.de\/#mobile-menu-toggle\" class=\"mobile-menu\"  aria-label=\"Mobilmen\u00fc\">\n\t\t\t\t\t\t\t<i class=\"fa fa-bars\" aria-hidden=\"true\"><\/i>\n\t\t\t\t\t\t\t\t<span class=\"oceanwp-text\">Men\u00fc<\/span>\n\t\t\t\t<span class=\"oceanwp-close-text\">Schlie\u00dfen<\/span>\n\t\t\t\t\t\t<\/a>\n\n\t\t\n\t\t\n\t\t\n\t<\/div><!-- #oceanwp-mobile-menu-navbar -->\n\n\t\n\n<div id=\"mobile-dropdown\" class=\"clr\" >\n\n\t<nav class=\"clr\" itemscope=\"itemscope\" itemtype=\"https:\/\/schema.org\/SiteNavigationElement\">\n\n\t\t<ul id=\"menu-lions-1\" class=\"menu\"><li class=\"menu-item menu-item-type-post_type menu-item-object-page menu-item-home menu-item-26\"><a href=\"https:\/\/lionsclubpirna.de\/\">Home<\/a><\/li>\n<li class=\"menu-item menu-item-type-post_type menu-item-object-page menu-item-has-children menu-item-96\"><a href=\"https:\/\/lionsclubpirna.de\/index.php\/lions-club\/\">Lions Club Pirna<\/a>\n<ul class=\"sub-menu\">\n\t<li class=\"menu-item menu-item-type-post_type menu-item-object-page menu-item-186\"><a href=\"https:\/\/lionsclubpirna.de\/index.php\/home\/lions-projekt-erlebnispunkt-fuer-die-pirna-steinpfade\/\">Lions Projekt: Erlebnispunkt f\u00fcr die \u201ePirna Steinpfade\u201c<\/a><\/li>\n<\/ul>\n<\/li>\n<li class=\"menu-item menu-item-type-post_type menu-item-object-page menu-item-has-children menu-item-25\"><a href=\"https:\/\/lionsclubpirna.de\/index.php\/ueber-uns\/\">\u00dcber uns<\/a>\n<ul class=\"sub-menu\">\n\t<li class=\"menu-item menu-item-type-post_type menu-item-object-page menu-item-65\"><a href=\"https:\/\/lionsclubpirna.de\/index.php\/date-und-fakten\/\">Daten und Fakten<\/a><\/li>\n\t<li class=\"menu-item menu-item-type-post_type menu-item-object-page menu-item-has-children menu-item-60\"><a href=\"https:\/\/lionsclubpirna.de\/index.php\/distrikte\/\">Distrikte<\/a>\n\t<ul class=\"sub-menu\">\n\t\t<li class=\"menu-item menu-item-type-post_type menu-item-object-page menu-item-59\"><a href=\"https:\/\/lionsclubpirna.de\/index.php\/distriktsuche\/\">Distriktsuche<\/a><\/li>\n\t<\/ul>\n<\/li>\n\t<li class=\"menu-item menu-item-type-post_type menu-item-object-page menu-item-64\"><a href=\"https:\/\/lionsclubpirna.de\/index.php\/ziele-und-grundsaetze\/\">Ziele und Grunds\u00e4tze<\/a><\/li>\n\t<li class=\"menu-item menu-item-type-post_type menu-item-object-page menu-item-63\"><a href=\"https:\/\/lionsclubpirna.de\/index.php\/historisches\/\">Historisches<\/a><\/li>\n\t<li class=\"menu-item menu-item-type-post_type menu-item-object-page menu-item-62\"><a href=\"https:\/\/lionsclubpirna.de\/index.php\/lions-un\/\">Lions International<\/a><\/li>\n<\/ul>\n<\/li>\n<li class=\"menu-item menu-item-type-post_type menu-item-object-page menu-item-58\"><a href=\"https:\/\/lionsclubpirna.de\/index.php\/lions-stiftung\/\">Lions Stiftung<\/a><\/li>\n<li class=\"menu-item menu-item-type-post_type menu-item-object-page menu-item-238\"><a href=\"https:\/\/lionsclubpirna.de\/index.php\/login\/\">Login f\u00fcr Mitglieder<\/a><\/li>\n<li class=\"menu-item menu-item-type-post_type menu-item-object-page menu-item-680\"><a href=\"https:\/\/lionsclubpirna.de\/index.php\/impressum\/\">Impressum<\/a><\/li>\n<li class=\"search-toggle-li\" ><a href=\"https:\/\/lionsclubpirna.de\/#\" class=\"site-search-toggle search-dropdown-toggle\"><span class=\"screen-reader-text\">Website-Suche umschalten<\/span><i class=\" icon-magnifier\" aria-hidden=\"true\" role=\"img\"><\/i><\/a><\/li><\/ul>\n<div id=\"mobile-menu-search\" class=\"clr\">\n\t<form aria-label=\"Diese Website durchsuchen\" method=\"get\" action=\"https:\/\/lionsclubpirna.de\/\" class=\"mobile-searchform\">\n\t\t<input aria-label=\"Suchabfrage eingeben\" value=\"\" class=\"field\" id=\"ocean-mobile-search-2\" type=\"search\" name=\"s\" autocomplete=\"off\" placeholder=\"Suchen\" \/>\n\t\t<button aria-label=\"Suche starten\" type=\"submit\" class=\"searchform-submit\">\n\t\t\t<i class=\" icon-magnifier\" aria-hidden=\"true\" role=\"img\"><\/i>\t\t<\/button>\n\t\t\t\t\t<\/form>\n<\/div><!-- .mobile-menu-search -->\n\n\t<\/nav>\n\n<\/div>\n\r\n\t\t\t\t<\/div>\r\n\r\n\t\t\t<\/div>\t\t\t\t<\/div>\n\t\t\t\t<\/div>\n\t\t\t\t\t<\/div>\n\t\t<\/div>\n\t\t\t\t<div class=\"elementor-column elementor-col-66 elementor-top-column elementor-element elementor-element-57d01a7\" data-id=\"57d01a7\" data-element_type=\"column\" data-e-type=\"column\">\n\t\t\t<div class=\"elementor-widget-wrap elementor-element-populated\">\n\t\t\t\t\t\t<div class=\"elementor-element elementor-element-72c5a11 elementor-widget elementor-widget-text-editor\" data-id=\"72c5a11\" data-element_type=\"widget\" data-e-type=\"widget\" data-widget_type=\"text-editor.default\">\n\t\t\t\t<div class=\"elementor-widget-container\">\n\t\t\t\t\t\t\t\t\t<div class=\"article_headline\"><h2>Ziele und ethische Grunds\u00e4tze von Lions Clubs International<\/h2><\/div><div class=\"article_teaser\">\u00a0<\/div><div class=\"article_image_left\"><a class=\"fancybox\" title=\"Portrait Melvin Jones\" href=\"https:\/\/www.lions.de\/documents\/10181\/22551\/Melvin_jones_kl.jpg\/db3e510e-3a70-40d1-9146-95e531c19221?t=1400660325000.jpg\" rel=\"group-all\"> <img decoding=\"async\" src=\"https:\/\/www.lions.de\/documents\/10181\/22551\/Melvin_jones_kl.jpg\/db3e510e-3a70-40d1-9146-95e531c19221?t=1400660325000&amp;imageThumbnail=3\" alt=\"Portrait Melvin Jones\" \/> <\/a><div class=\"description\">Gr\u00fcnder: Melvin Jones<\/div><\/div><p>\u201e<strong>We Serve<\/strong>\u201c<strong> \u2013 Unter diesem Motto steht all unser Handeln, alle Projekte sind diesem Ziel verpflichtet. Zugleich haben wir einen hohen ethischen Anspruch an unsere Mitglieder, der sich sehr klar in unseren Grunds\u00e4tzen widerspiegelt.<\/strong><\/p><p>Warum das nach unserer Auffassung so sein soll? \u2013 Weil unseres Erachtens Menschen dann am besten uneigenn\u00fctzig und vorbehaltlos helfen k\u00f6nnen, wenn sie aus einer gesicherten Lebensstellung heraus den fairen Umgang mit ihren Gesch\u00e4ftspartnern sowie das freundschaftliche, aufrichtige Miteinander im Alltag pflegen und sich zugleich den Grunds\u00e4tzen der demokratischen Staatsform verpflichtet f\u00fchlen:<br \/>\u00a0<br \/><strong>Ziele<\/strong><\/p><ul><li>Gemeinn\u00fctzige Clubs <strong>aufzubauen<\/strong>, zu gr\u00fcnden und zu betreuen, die als Lions-Clubs bekannt sein sollen.\u00a0<\/li><\/ul><ul><li>Die Aktivit\u00e4ten von Lions-Clubs zu <strong>koordinieren<\/strong> und die Verwaltung zu vereinheitlichen.\u00a0<\/li><\/ul><ul><li>Den Geist gegenseitiger Verst\u00e4ndigung unter den V\u00f6lkern der Welt zu <strong>wecken<\/strong> und zu erhalten.\u00a0<\/li><\/ul><ul><li>Die Grunds\u00e4tze eines guten Staatswesens und guten B\u00fcrgersinns zu <strong>f\u00f6rdern<\/strong>.\u00a0<\/li><\/ul><ul><li>Aktiv f\u00fcr die b\u00fcrgerliche, kulturelle, soziale und allgemeine Entwicklung der Gesellschaft <strong>einzutreten<\/strong>.\u00a0<\/li><\/ul><ul><li>Die Clubs in Freundschaft, Kameradschaft und gegenseitigem Verst\u00e4ndnis zu <strong>verbinden<\/strong>.\u00a0<\/li><\/ul><ul><li>Ein Forum f\u00fcr die offene Diskussion aller Angelegenheiten von \u00f6ffentlichem Interesse zu <strong>bilden<\/strong>, ohne jedoch politische Fragen parteiisch und religi\u00f6se Fragen intolerant zu behandeln.\u00a0<\/li><\/ul><ul><li>Einsatzfreudige Menschen zu <strong>bewegen<\/strong>, der Gemeinschaft zu dienen, ohne daraus pers\u00f6nlichen Nutzen zu ziehen; Tatkraft und vorbildliche Haltung in den Bereichen des Handels, der Industrie, des Berufs sowie des \u00f6ffentlichen und privaten Lebens zu entwickeln und zu f\u00f6rdern.<\/li><\/ul><p><strong>Ethische Grunds\u00e4tze<\/strong><\/p><ul><li>Ich werde das Ansehen meines Berufsstandes in meinem pers\u00f6nlichen aktiven Handeln <strong>f\u00f6rdern<\/strong> und so beachten, dass ich mit Recht in dem Ruf stehe, etwas geleistet zu haben.<\/li><\/ul><ul><li>Ich will dabei <strong>erfolgreich<\/strong> sein und mich um den mir zustehenden angemessenen Gewinn bem\u00fchen. Dieses Ziel werde ich jedoch nicht zulasten meiner Selbstachtung durch Wahrnehmen eines unlauteren Vorteils oder fragw\u00fcrdiger Handlungen anstreben.<\/li><\/ul><ul><li>Ich werde <strong>nicht um des eigenen Vorteils willen<\/strong> die Existenz eines anderen gef\u00e4hrden. Meinen Gesch\u00e4ftspartnern gegen\u00fcber will ich loyal sein und mir selbst treu bleiben.<\/li><\/ul><ul><li><strong>Wann immer<\/strong> ein Zweifel an der Korrektheit und moralischen Integrit\u00e4t meiner Einstellung oder meines Verhaltens gegen\u00fcber meinen Mitmenschen entsteht, werde ich mich selbstkritisch pr\u00fcfen.<\/li><\/ul><ul><li>Ich betrachte die <strong>Freundschaft<\/strong> nicht als Mittel zum Zweck. Ich bin mir bewusst, dass wahre Freundschaft nicht erwiesener Dienste wegen besteht. Sie fordert nichts, nimmt jedoch Freundschaftsdienste im gleichen Geiste an, in dem sie geleistet wurden.<\/li><\/ul><ul><li>Ich werde mir <strong>stets<\/strong> meiner Verpflichtungen als Staatsb\u00fcrger gegen\u00fcber meinem Land und der Gesellschaft bewusst sein und in Wort und Tat loyal zu ihnen stehen. Im Rahmen meiner pers\u00f6nlichen und finanziellen Mittel werde ich diesen Verpflichtungen bestm\u00f6glich nachkommen.<\/li><\/ul><ul><li>Ich werde meinen Mitmenschen <strong>helfen<\/strong>, indem ich den Ungl\u00fccklichen mit Trost, den Schwachen mit Tatkraft und den Bed\u00fcrftigen mit meinen wirtschaftlichen Mitteln beistehe.<\/li><\/ul><ul><li>Ich gehe <strong>sparsam<\/strong> mit meiner Kritik und gro\u00dfz\u00fcgig mit meinem Lob um, um nicht destruktiv, sondern konstruktiv zu handeln.<\/li><\/ul>\t\t\t\t\t\t\t\t<\/div>\n\t\t\t\t<\/div>\n\t\t\t\t\t<\/div>\n\t\t<\/div>\n\t\t\t\t\t<\/div>\n\t\t<\/section>\n\t\t\t\t<\/div>\n\t\t","protected":false},"excerpt":{"rendered":"<p>Lions Club Pirna Ziele und ethische Grunds\u00e4tze von Lions Clubs International \u00a0 Gr\u00fcnder: Melvin Jones \u201eWe Serve\u201c \u2013 Unter diesem Motto steht all unser Handeln, alle Projekte sind diesem Ziel [&hellip;]<\/p>\n","protected":false},"author":1,"featured_media":0,"parent":0,"menu_order":0,"comment_status":"closed","ping_status":"closed","template":"","meta":{"_bbp_topic_count":0,"_bbp_reply_count":0,"_bbp_total_topic_count":0,"_bbp_total_reply_count":0,"_bbp_voice_count":0,"_bbp_anonymous_reply_count":0,"_bbp_topic_count_hidden":0,"_bbp_reply_count_hidden":0,"_bbp_forum_subforum_count":0,"ocean_post_layout":"full-screen","ocean_both_sidebars_style":"","ocean_both_sidebars_content_width":0,"ocean_both_sidebars_sidebars_width":0,"ocean_sidebar":"0","ocean_second_sidebar":"0","ocean_disable_margins":"enable","ocean_add_body_class":"","ocean_shortcode_before_top_bar":"","ocean_shortcode_after_top_bar":"","ocean_shortcode_before_header":"","ocean_shortcode_after_header":"","ocean_has_shortcode":"","ocean_shortcode_after_title":"","ocean_shortcode_before_footer_widgets":"","ocean_shortcode_after_footer_widgets":"","ocean_shortcode_before_footer_bottom":"","ocean_shortcode_after_footer_bottom":"","ocean_display_top_bar":"on","ocean_display_header":"default","ocean_header_style":"","ocean_center_header_left_menu":"0","ocean_custom_header_template":"0","ocean_custom_logo":0,"ocean_custom_retina_logo":0,"ocean_custom_logo_max_width":0,"ocean_custom_logo_tablet_max_width":0,"ocean_custom_logo_mobile_max_width":0,"ocean_custom_logo_max_height":0,"ocean_custom_logo_tablet_max_height":0,"ocean_custom_logo_mobile_max_height":0,"ocean_header_custom_menu":"0","ocean_menu_typo_font_family":"0","ocean_menu_typo_font_subset":"","ocean_menu_typo_font_size":0,"ocean_menu_typo_font_size_tablet":0,"ocean_menu_typo_font_size_mobile":0,"ocean_menu_typo_font_size_unit":"px","ocean_menu_typo_font_weight":"","ocean_menu_typo_font_weight_tablet":"","ocean_menu_typo_font_weight_mobile":"","ocean_menu_typo_transform":"","ocean_menu_typo_transform_tablet":"","ocean_menu_typo_transform_mobile":"","ocean_menu_typo_line_height":0,"ocean_menu_typo_line_height_tablet":0,"ocean_menu_typo_line_height_mobile":0,"ocean_menu_typo_line_height_unit":"","ocean_menu_typo_spacing":0,"ocean_menu_typo_spacing_tablet":0,"ocean_menu_typo_spacing_mobile":0,"ocean_menu_typo_spacing_unit":"","ocean_menu_link_color":"","ocean_menu_link_color_hover":"","ocean_menu_link_color_active":"","ocean_menu_link_background":"","ocean_menu_link_hover_background":"","ocean_menu_link_active_background":"","ocean_menu_social_links_bg":"","ocean_menu_social_hover_links_bg":"","ocean_menu_social_links_color":"","ocean_menu_social_hover_links_color":"","ocean_disable_title":"on","ocean_disable_heading":"default","ocean_post_title":"","ocean_post_subheading":"","ocean_post_title_style":"","ocean_post_title_background_color":"","ocean_post_title_background":0,"ocean_post_title_bg_image_position":"","ocean_post_title_bg_image_attachment":"","ocean_post_title_bg_image_repeat":"","ocean_post_title_bg_image_size":"","ocean_post_title_height":0,"ocean_post_title_bg_overlay":0.5,"ocean_post_title_bg_overlay_color":"","ocean_disable_breadcrumbs":"default","ocean_breadcrumbs_color":"","ocean_breadcrumbs_separator_color":"","ocean_breadcrumbs_links_color":"","ocean_breadcrumbs_links_hover_color":"","ocean_display_footer_widgets":"default","ocean_display_footer_bottom":"default","ocean_custom_footer_template":"0","footnotes":""},"class_list":["post-43","page","type-page","status-publish","hentry","entry"],"_links":{"self":[{"href":"https:\/\/lionsclubpirna.de\/index.php\/wp-json\/wp\/v2\/pages\/43","targetHints":{"allow":["GET"]}}],"collection":[{"href":"https:\/\/lionsclubpirna.de\/index.php\/wp-json\/wp\/v2\/pages"}],"about":[{"href":"https:\/\/lionsclubpirna.de\/index.php\/wp-json\/wp\/v2\/types\/page"}],"author":[{"embeddable":true,"href":"https:\/\/lionsclubpirna.de\/index.php\/wp-json\/wp\/v2\/users\/1"}],"replies":[{"embeddable":true,"href":"https:\/\/lionsclubpirna.de\/index.php\/wp-json\/wp\/v2\/comments?post=43"}],"version-history":[{"count":6,"href":"https:\/\/lionsclubpirna.de\/index.php\/wp-json\/wp\/v2\/pages\/43\/revisions"}],"predecessor-version":[{"id":166,"href":"https:\/\/lionsclubpirna.de\/index.php\/wp-json\/wp\/v2\/pages\/43\/revisions\/166"}],"wp:attachment":[{"href":"https:\/\/lionsclubpirna.de\/index.php\/wp-json\/wp\/v2\/media?parent=43"}],"curies":[{"name":"wp","href":"https:\/\/api.w.org\/{rel}","templated":true}]}}