{"id":21,"date":"2019-08-22T12:35:03","date_gmt":"2019-08-22T12:35:03","guid":{"rendered":"http:\/\/lionsclubpirna.de\/?page_id=21"},"modified":"2019-09-09T10:31:54","modified_gmt":"2019-09-09T10:31:54","slug":"ueber-uns","status":"publish","type":"page","link":"https:\/\/lionsclubpirna.de\/index.php\/ueber-uns\/","title":{"rendered":"\u00dcber uns"},"content":{"rendered":"\t\t<div data-elementor-type=\"wp-post\" data-elementor-id=\"21\" class=\"elementor elementor-21\">\n\t\t\t\t\t\t<section class=\"elementor-section elementor-top-section elementor-element elementor-element-9a46ca1 elementor-section-full_width elementor-section-height-default elementor-section-height-default\" data-id=\"9a46ca1\" data-element_type=\"section\" data-e-type=\"section\">\n\t\t\t\t\t\t<div class=\"elementor-container elementor-column-gap-default\">\n\t\t\t\t\t<div class=\"elementor-column elementor-col-100 elementor-top-column elementor-element elementor-element-c05bebf\" data-id=\"c05bebf\" data-element_type=\"column\" data-e-type=\"column\">\n\t\t\t<div class=\"elementor-widget-wrap elementor-element-populated\">\n\t\t\t\t\t\t<div class=\"elementor-element elementor-element-6b1b93f elementor-widget elementor-widget-heading\" data-id=\"6b1b93f\" data-element_type=\"widget\" data-e-type=\"widget\" data-widget_type=\"heading.default\">\n\t\t\t\t<div class=\"elementor-widget-container\">\n\t\t\t\t\t<h3 class=\"elementor-heading-title elementor-size-large\">Lions Club Pirna <\/h3>\t\t\t\t<\/div>\n\t\t\t\t<\/div>\n\t\t\t\t\t<\/div>\n\t\t<\/div>\n\t\t\t\t\t<\/div>\n\t\t<\/section>\n\t\t\t\t<section class=\"elementor-section elementor-top-section elementor-element elementor-element-1a73d3a elementor-section-boxed elementor-section-height-default elementor-section-height-default\" data-id=\"1a73d3a\" data-element_type=\"section\" data-e-type=\"section\">\n\t\t\t\t\t\t<div class=\"elementor-container elementor-column-gap-default\">\n\t\t\t\t\t<div class=\"elementor-column elementor-col-33 elementor-top-column elementor-element elementor-element-ae5ff39\" data-id=\"ae5ff39\" data-element_type=\"column\" data-e-type=\"column\">\n\t\t\t<div class=\"elementor-widget-wrap elementor-element-populated\">\n\t\t\t\t\t\t<div class=\"elementor-element elementor-element-9bc8b3e elementor-invisible elementor-widget elementor-widget-sidebar\" data-id=\"9bc8b3e\" data-element_type=\"widget\" data-e-type=\"widget\" data-settings=\"{&quot;_animation&quot;:&quot;rollIn&quot;}\" data-widget_type=\"sidebar.default\">\n\t\t\t\t<div class=\"elementor-widget-container\">\n\t\t\t\t\t<div id=\"ocean_custom_header_nav-3\" class=\"sidebar-box widget-oceanwp-custom-header-nav custom-header-nav-widget clr\">\r\n\t\t\t\t<div class=\"custom-header-nav clr left\">\r\n\r\n\t\t\t\t\t\t\t\t<div id=\"site-navigation-wrap\" class=\"clr\">\n\t\t\t\n\t\t\t\n\t\t\t\n\t\t\t<nav id=\"site-navigation\" class=\"navigation main-navigation clr\" itemscope=\"itemscope\" itemtype=\"https:\/\/schema.org\/SiteNavigationElement\" role=\"navigation\" >\n\n\t\t\t\t<ul id=\"menu-lions\" class=\"main-menu dropdown-menu sf-menu\"><li id=\"menu-item-26\" class=\"menu-item menu-item-type-post_type menu-item-object-page menu-item-home menu-item-26\"><a href=\"https:\/\/lionsclubpirna.de\/\" class=\"menu-link\"><span class=\"text-wrap\">Home<\/span><\/a><\/li><li id=\"menu-item-96\" class=\"menu-item menu-item-type-post_type menu-item-object-page menu-item-has-children dropdown menu-item-96\"><a href=\"https:\/\/lionsclubpirna.de\/index.php\/lions-club\/\" class=\"menu-link\"><span class=\"text-wrap\">Lions Club Pirna<i class=\"nav-arrow fa fa-angle-down\" aria-hidden=\"true\" role=\"img\"><\/i><\/span><\/a>\n<ul class=\"sub-menu\">\n\t<li id=\"menu-item-186\" class=\"menu-item menu-item-type-post_type menu-item-object-page menu-item-186\"><a href=\"https:\/\/lionsclubpirna.de\/index.php\/home\/lions-projekt-erlebnispunkt-fuer-die-pirna-steinpfade\/\" class=\"menu-link\"><span class=\"text-wrap\">Lions Projekt: Erlebnispunkt f\u00fcr die \u201ePirna Steinpfade\u201c<\/span><\/a><\/li><\/ul>\n<\/li><li id=\"menu-item-25\" class=\"menu-item menu-item-type-post_type menu-item-object-page menu-item-has-children dropdown menu-item-25\"><a href=\"https:\/\/lionsclubpirna.de\/index.php\/ueber-uns\/\" class=\"menu-link\"><span class=\"text-wrap\">\u00dcber uns<i class=\"nav-arrow fa fa-angle-down\" aria-hidden=\"true\" role=\"img\"><\/i><\/span><\/a>\n<ul class=\"sub-menu\">\n\t<li id=\"menu-item-65\" class=\"menu-item menu-item-type-post_type menu-item-object-page menu-item-65\"><a href=\"https:\/\/lionsclubpirna.de\/index.php\/date-und-fakten\/\" class=\"menu-link\"><span class=\"text-wrap\">Daten und Fakten<\/span><\/a><\/li>\t<li id=\"menu-item-60\" class=\"menu-item menu-item-type-post_type menu-item-object-page menu-item-has-children dropdown menu-item-60\"><a href=\"https:\/\/lionsclubpirna.de\/index.php\/distrikte\/\" class=\"menu-link\"><span class=\"text-wrap\">Distrikte<i class=\"nav-arrow fa fa-angle-right\" aria-hidden=\"true\" role=\"img\"><\/i><\/span><\/a>\n\t<ul class=\"sub-menu\">\n\t\t<li id=\"menu-item-59\" class=\"menu-item menu-item-type-post_type menu-item-object-page menu-item-59\"><a href=\"https:\/\/lionsclubpirna.de\/index.php\/distriktsuche\/\" class=\"menu-link\"><span class=\"text-wrap\">Distriktsuche<\/span><\/a><\/li>\t<\/ul>\n<\/li>\t<li id=\"menu-item-64\" class=\"menu-item menu-item-type-post_type menu-item-object-page menu-item-64\"><a href=\"https:\/\/lionsclubpirna.de\/index.php\/ziele-und-grundsaetze\/\" class=\"menu-link\"><span class=\"text-wrap\">Ziele und Grunds\u00e4tze<\/span><\/a><\/li>\t<li id=\"menu-item-63\" class=\"menu-item menu-item-type-post_type menu-item-object-page menu-item-63\"><a href=\"https:\/\/lionsclubpirna.de\/index.php\/historisches\/\" class=\"menu-link\"><span class=\"text-wrap\">Historisches<\/span><\/a><\/li>\t<li id=\"menu-item-62\" class=\"menu-item menu-item-type-post_type menu-item-object-page menu-item-62\"><a href=\"https:\/\/lionsclubpirna.de\/index.php\/lions-un\/\" class=\"menu-link\"><span class=\"text-wrap\">Lions International<\/span><\/a><\/li><\/ul>\n<\/li><li id=\"menu-item-58\" class=\"menu-item menu-item-type-post_type menu-item-object-page menu-item-58\"><a href=\"https:\/\/lionsclubpirna.de\/index.php\/lions-stiftung\/\" class=\"menu-link\"><span class=\"text-wrap\">Lions Stiftung<\/span><\/a><\/li><li id=\"menu-item-238\" class=\"menu-item menu-item-type-post_type menu-item-object-page menu-item-238\"><a href=\"https:\/\/lionsclubpirna.de\/index.php\/login\/\" class=\"menu-link\"><span class=\"text-wrap\">Login f\u00fcr Mitglieder<\/span><\/a><\/li><li id=\"menu-item-680\" class=\"menu-item menu-item-type-post_type menu-item-object-page menu-item-680\"><a href=\"https:\/\/lionsclubpirna.de\/index.php\/impressum\/\" class=\"menu-link\"><span class=\"text-wrap\">Impressum<\/span><\/a><\/li><li class=\"search-toggle-li\" ><a href=\"https:\/\/lionsclubpirna.de\/#\" class=\"site-search-toggle search-dropdown-toggle\"><span class=\"screen-reader-text\">Website-Suche umschalten<\/span><i class=\" icon-magnifier\" aria-hidden=\"true\" role=\"img\"><\/i><\/a><\/li><\/ul>\n<div id=\"searchform-dropdown\" class=\"header-searchform-wrap clr\" >\n\t\n<form aria-label=\"Diese Website durchsuchen\" role=\"search\" method=\"get\" class=\"searchform\" action=\"https:\/\/lionsclubpirna.de\/\">\t\n\t<input aria-label=\"Suchabfrage eingeben\" type=\"search\" id=\"ocean-search-form-1\" class=\"field\" autocomplete=\"off\" placeholder=\"Suchen\" name=\"s\">\n\t\t<\/form>\n<\/div><!-- #searchform-dropdown -->\n\n\t\t\t<\/nav><!-- #site-navigation -->\n\n\t\t\t\n\t\t\t\n\t\t\t\t\t<\/div><!-- #site-navigation-wrap -->\n\t\t\t\n\t\t\n\t\n\t\n\t<div class=\"oceanwp-mobile-menu-icon clr mobile-right\">\n\n\t\t\n\t\t\n\t\t\n\t\t<a href=\"https:\/\/lionsclubpirna.de\/#mobile-menu-toggle\" class=\"mobile-menu\"  aria-label=\"Mobilmen\u00fc\">\n\t\t\t\t\t\t\t<i class=\"fa fa-bars\" aria-hidden=\"true\"><\/i>\n\t\t\t\t\t\t\t\t<span class=\"oceanwp-text\">Men\u00fc<\/span>\n\t\t\t\t<span class=\"oceanwp-close-text\">Schlie\u00dfen<\/span>\n\t\t\t\t\t\t<\/a>\n\n\t\t\n\t\t\n\t\t\n\t<\/div><!-- #oceanwp-mobile-menu-navbar -->\n\n\t\n\n<div id=\"mobile-dropdown\" class=\"clr\" >\n\n\t<nav class=\"clr\" itemscope=\"itemscope\" itemtype=\"https:\/\/schema.org\/SiteNavigationElement\">\n\n\t\t<ul id=\"menu-lions-1\" class=\"menu\"><li class=\"menu-item menu-item-type-post_type menu-item-object-page menu-item-home menu-item-26\"><a href=\"https:\/\/lionsclubpirna.de\/\">Home<\/a><\/li>\n<li class=\"menu-item menu-item-type-post_type menu-item-object-page menu-item-has-children menu-item-96\"><a href=\"https:\/\/lionsclubpirna.de\/index.php\/lions-club\/\">Lions Club Pirna<\/a>\n<ul class=\"sub-menu\">\n\t<li class=\"menu-item menu-item-type-post_type menu-item-object-page menu-item-186\"><a href=\"https:\/\/lionsclubpirna.de\/index.php\/home\/lions-projekt-erlebnispunkt-fuer-die-pirna-steinpfade\/\">Lions Projekt: Erlebnispunkt f\u00fcr die \u201ePirna Steinpfade\u201c<\/a><\/li>\n<\/ul>\n<\/li>\n<li class=\"menu-item menu-item-type-post_type menu-item-object-page menu-item-has-children menu-item-25\"><a href=\"https:\/\/lionsclubpirna.de\/index.php\/ueber-uns\/\">\u00dcber uns<\/a>\n<ul class=\"sub-menu\">\n\t<li class=\"menu-item menu-item-type-post_type menu-item-object-page menu-item-65\"><a href=\"https:\/\/lionsclubpirna.de\/index.php\/date-und-fakten\/\">Daten und Fakten<\/a><\/li>\n\t<li class=\"menu-item menu-item-type-post_type menu-item-object-page menu-item-has-children menu-item-60\"><a href=\"https:\/\/lionsclubpirna.de\/index.php\/distrikte\/\">Distrikte<\/a>\n\t<ul class=\"sub-menu\">\n\t\t<li class=\"menu-item menu-item-type-post_type menu-item-object-page menu-item-59\"><a href=\"https:\/\/lionsclubpirna.de\/index.php\/distriktsuche\/\">Distriktsuche<\/a><\/li>\n\t<\/ul>\n<\/li>\n\t<li class=\"menu-item menu-item-type-post_type menu-item-object-page menu-item-64\"><a href=\"https:\/\/lionsclubpirna.de\/index.php\/ziele-und-grundsaetze\/\">Ziele und Grunds\u00e4tze<\/a><\/li>\n\t<li class=\"menu-item menu-item-type-post_type menu-item-object-page menu-item-63\"><a href=\"https:\/\/lionsclubpirna.de\/index.php\/historisches\/\">Historisches<\/a><\/li>\n\t<li class=\"menu-item menu-item-type-post_type menu-item-object-page menu-item-62\"><a href=\"https:\/\/lionsclubpirna.de\/index.php\/lions-un\/\">Lions International<\/a><\/li>\n<\/ul>\n<\/li>\n<li class=\"menu-item menu-item-type-post_type menu-item-object-page menu-item-58\"><a href=\"https:\/\/lionsclubpirna.de\/index.php\/lions-stiftung\/\">Lions Stiftung<\/a><\/li>\n<li class=\"menu-item menu-item-type-post_type menu-item-object-page menu-item-238\"><a href=\"https:\/\/lionsclubpirna.de\/index.php\/login\/\">Login f\u00fcr Mitglieder<\/a><\/li>\n<li class=\"menu-item menu-item-type-post_type menu-item-object-page menu-item-680\"><a href=\"https:\/\/lionsclubpirna.de\/index.php\/impressum\/\">Impressum<\/a><\/li>\n<li class=\"search-toggle-li\" ><a href=\"https:\/\/lionsclubpirna.de\/#\" class=\"site-search-toggle search-dropdown-toggle\"><span class=\"screen-reader-text\">Website-Suche umschalten<\/span><i class=\" icon-magnifier\" aria-hidden=\"true\" role=\"img\"><\/i><\/a><\/li><\/ul>\n<div id=\"mobile-menu-search\" class=\"clr\">\n\t<form aria-label=\"Diese Website durchsuchen\" method=\"get\" action=\"https:\/\/lionsclubpirna.de\/\" class=\"mobile-searchform\">\n\t\t<input aria-label=\"Suchabfrage eingeben\" value=\"\" class=\"field\" id=\"ocean-mobile-search-2\" type=\"search\" name=\"s\" autocomplete=\"off\" placeholder=\"Suchen\" \/>\n\t\t<button aria-label=\"Suche starten\" type=\"submit\" class=\"searchform-submit\">\n\t\t\t<i class=\" icon-magnifier\" aria-hidden=\"true\" role=\"img\"><\/i>\t\t<\/button>\n\t\t\t\t\t<\/form>\n<\/div><!-- .mobile-menu-search -->\n\n\t<\/nav>\n\n<\/div>\n\r\n\t\t\t\t<\/div>\r\n\r\n\t\t\t<\/div>\t\t\t\t<\/div>\n\t\t\t\t<\/div>\n\t\t\t\t\t<\/div>\n\t\t<\/div>\n\t\t\t\t<div class=\"elementor-column elementor-col-66 elementor-top-column elementor-element elementor-element-9307ca3\" data-id=\"9307ca3\" data-element_type=\"column\" data-e-type=\"column\">\n\t\t\t<div class=\"elementor-widget-wrap elementor-element-populated\">\n\t\t\t\t\t\t<div class=\"elementor-element elementor-element-c08d4e3 elementor-widget elementor-widget-text-editor\" data-id=\"c08d4e3\" data-element_type=\"widget\" data-e-type=\"widget\" data-widget_type=\"text-editor.default\">\n\t\t\t\t<div class=\"elementor-widget-container\">\n\t\t\t\t\t\t\t\t\t<div>\n<h2><br><\/h2><h2>Wer sind die Lions? <\/h2>\n<\/div>\n<div>\n<p>Lions<br>\n Clubs International ist eine weltweite Vereinigung freier Menschen, die<br>\n in freundschaftlicher Verbundenheit bereit sind, sich den<br>\ngesellschaftlichen Problemen unserer Zeit zu stellen und uneigenn\u00fctzig<br>\nan ihrer L\u00f6sung mitzuwirken.<\/p>\n<\/div>\n<p><strong>&nbsp;<\/strong>\u201e<strong>We Serve<\/strong>\u201c<\/p>\n<p>Lions helfen. Ob in <strong>Kinder- und Jugendprojekten<\/strong>, bei der<strong> <\/strong>Unterst\u00fctzung <strong>Sehbehinderter <\/strong>oder in<strong> L\u00e4ndern der Dritten Welt<\/strong><br>\n \u2013 Lions engagieren sich ehrenamtlich f\u00fcr Menschen, die Hilfe brauchen.<br>\nDabei k\u00fcmmern sie sich um die Mitmenschen in ihrer Nachbarschaft genauso<br>\n wie um Notleidende in aller Welt.&nbsp;<\/p>\n<p>\u201eWe Serve&#8220; (\u201eWir dienen&#8220;) ist<br>\n unser Motto. Mit 1,4 Millionen Mitgliedern weltweit ist Lions Clubs<br>\nInternational (LCI) eine der gr\u00f6\u00dften Nichtregierungsorganisationen.<br>\nLions initiieren eigene Projekte oder unterst\u00fctzen n\u00fctzliche Projekte<br>\nvon Partnerorganisationen. \u00dcbergeordnetes Ziel ist dabei die Hilfe zur<br>\nSelbsthilfe. Die Stiftung von Lions Clubs International (LCIF) gew\u00e4hrt<br>\nj\u00e4hrlich Zusch\u00fcsse in Millionenh\u00f6he, um weltweit humanit\u00e4re Hilfe zu<br>\ngew\u00e4hrleisten. Neben <strong>sozialen Zielen<\/strong> f\u00f6rdern Lions auch <strong>kulturelle Projekte<\/strong> und setzen sich f\u00fcr V<strong>\u00f6lkerverst\u00e4ndigung, Toleranz, Humanit\u00e4t<\/strong> und <strong>Bildung <\/strong>ein.<\/p>\n<p>Der<br>\n erste deutsche Lions Club wurde 1951 in D\u00fcsseldorf gegr\u00fcndet. Derzeit<br>\nengagieren sich in der Bundesrepublik \u00fcber 52.000 Mitglieder f\u00fcr die<br>\nGemeinschaft und f\u00fcr Menschen in Not. Urspr\u00fcnglich war die<br>\nLions-Bewegung in Deutschland eine reine M\u00e4nnersache. Das hat sich<br>\nge\u00e4ndert. Heute gibt es auch viele Damen- und gemischte Clubs.<\/p>\n<p>Die<br>\n deutschen Lions Clubs sind im Multi-Distrikt 111-Deutschland der<br>\nInternationalen Vereinigung zusammengeschlossen und werden durch den<br>\nVorsitzenden des Governorrates (GRV) vertreten. Schwerpunkte des<br>\nEngagements sind u.a. verschiedene <strong>Programme f\u00fcr Kinder und Jugendliche<\/strong> sowie der weltweite <strong>Kampf gegen Blindheit<\/strong>. Die Lions-Jugendprogramme umfassen den internationalen <strong>Jugend- und Sch\u00fcleraustausch<\/strong>, die <strong>Pr\u00e4ventionsprogramme Lions-Quest, Klasse 2000<\/strong> und <strong>Kindergarten plus<\/strong>, <strong>Lions Young Ambassador<\/strong>, den <strong>Friedensplakatwettbewerb <\/strong>sowie den <strong>Lions Jugend-Musikpreis<\/strong>. Daneben engagieren sich Lions im Bereich <strong>Gesundheit und Pr\u00e4vention<\/strong>, helfen nach <strong>Katastrophen<\/strong>, organisieren <strong>Hilfslieferungen <\/strong>und tragen zum Erhalt deutscher Kulturdenkm\u00e4ler bei.&nbsp;<\/p>\n<p>Der<br>\n Welt-Organisation von Lions Clubs International geh\u00f6ren bedeutende<br>\nPers\u00f6nlichkeiten des \u00f6ffentlichen Lebens an, darunter eine Reihe von<br>\nStaatsoberh\u00e4uptern. Oberster Repr\u00e4sentant ist der Internationale<br>\nPr\u00e4sident. 1945 war Lions Clubs International ma\u00dfgeblich an der Gr\u00fcndung<br>\n des Sektors der Nichtregierungsorganisationen bei den Vereinten<br>\nNationen beteiligt und ist neben Rotary International die einzige<br>\nServiceorganisation, die als beratender Partner mit der UNO einen<br>\nKonsultarstatus hat.<\/p>\n<p>Bitte informieren Sie sich auch auf der Website von Lions Clubs International unter <a href=\"http:\/\/www.lionsclubs.org\/EN\/index.php\" target=\"_blank\">www.lionsclubs.org<\/a>.<\/p>\n<p>Lions Clubs International \u2013 Hauptsitz:<br> 300 W. 22nd Street, Oak Brook, IL 60523-8842, USA<br> Tel: (630) 571-5466, Fax: (630) 571-8890<\/p>\n<p>Lions Clubs International&nbsp;\u2013 MD 111-Deutschland:<br> Bleichstra\u00dfe 3, 65183 Wiesbaden, Telefon: 0611 991 54-0<br> <a href=\"mailto:sekretariat@lions-clubs.de\">sekretariat(at)lions-clubs.de<\/a><\/p>\t\t\t\t\t\t\t\t<\/div>\n\t\t\t\t<\/div>\n\t\t\t\t\t<\/div>\n\t\t<\/div>\n\t\t\t\t\t<\/div>\n\t\t<\/section>\n\t\t\t\t<\/div>\n\t\t","protected":false},"excerpt":{"rendered":"<p>Lions Club Pirna Wer sind die Lions? Lions Clubs International ist eine weltweite Vereinigung freier Menschen, die in freundschaftlicher Verbundenheit bereit sind, sich den gesellschaftlichen Problemen unserer Zeit zu stellen [&hellip;]<\/p>\n","protected":false},"author":1,"featured_media":0,"parent":0,"menu_order":0,"comment_status":"closed","ping_status":"closed","template":"","meta":{"_bbp_topic_count":0,"_bbp_reply_count":0,"_bbp_total_topic_count":0,"_bbp_total_reply_count":0,"_bbp_voice_count":0,"_bbp_anonymous_reply_count":0,"_bbp_topic_count_hidden":0,"_bbp_reply_count_hidden":0,"_bbp_forum_subforum_count":0,"ocean_post_layout":"full-screen","ocean_both_sidebars_style":"","ocean_both_sidebars_content_width":0,"ocean_both_sidebars_sidebars_width":0,"ocean_sidebar":"0","ocean_second_sidebar":"0","ocean_disable_margins":"enable","ocean_add_body_class":"","ocean_shortcode_before_top_bar":"","ocean_shortcode_after_top_bar":"","ocean_shortcode_before_header":"","ocean_shortcode_after_header":"","ocean_has_shortcode":"","ocean_shortcode_after_title":"","ocean_shortcode_before_footer_widgets":"","ocean_shortcode_after_footer_widgets":"","ocean_shortcode_before_footer_bottom":"","ocean_shortcode_after_footer_bottom":"","ocean_display_top_bar":"off","ocean_display_header":"default","ocean_header_style":"","ocean_center_header_left_menu":"0","ocean_custom_header_template":"0","ocean_custom_logo":0,"ocean_custom_retina_logo":0,"ocean_custom_logo_max_width":0,"ocean_custom_logo_tablet_max_width":0,"ocean_custom_logo_mobile_max_width":0,"ocean_custom_logo_max_height":0,"ocean_custom_logo_tablet_max_height":0,"ocean_custom_logo_mobile_max_height":0,"ocean_header_custom_menu":"0","ocean_menu_typo_font_family":"0","ocean_menu_typo_font_subset":"","ocean_menu_typo_font_size":0,"ocean_menu_typo_font_size_tablet":0,"ocean_menu_typo_font_size_mobile":0,"ocean_menu_typo_font_size_unit":"px","ocean_menu_typo_font_weight":"","ocean_menu_typo_font_weight_tablet":"","ocean_menu_typo_font_weight_mobile":"","ocean_menu_typo_transform":"","ocean_menu_typo_transform_tablet":"","ocean_menu_typo_transform_mobile":"","ocean_menu_typo_line_height":0,"ocean_menu_typo_line_height_tablet":0,"ocean_menu_typo_line_height_mobile":0,"ocean_menu_typo_line_height_unit":"","ocean_menu_typo_spacing":0,"ocean_menu_typo_spacing_tablet":0,"ocean_menu_typo_spacing_mobile":0,"ocean_menu_typo_spacing_unit":"","ocean_menu_link_color":"","ocean_menu_link_color_hover":"","ocean_menu_link_color_active":"","ocean_menu_link_background":"","ocean_menu_link_hover_background":"","ocean_menu_link_active_background":"","ocean_menu_social_links_bg":"","ocean_menu_social_hover_links_bg":"","ocean_menu_social_links_color":"","ocean_menu_social_hover_links_color":"","ocean_disable_title":"on","ocean_disable_heading":"default","ocean_post_title":"","ocean_post_subheading":"","ocean_post_title_style":"","ocean_post_title_background_color":"","ocean_post_title_background":0,"ocean_post_title_bg_image_position":"","ocean_post_title_bg_image_attachment":"","ocean_post_title_bg_image_repeat":"","ocean_post_title_bg_image_size":"","ocean_post_title_height":0,"ocean_post_title_bg_overlay":0.5,"ocean_post_title_bg_overlay_color":"","ocean_disable_breadcrumbs":"default","ocean_breadcrumbs_color":"","ocean_breadcrumbs_separator_color":"","ocean_breadcrumbs_links_color":"","ocean_breadcrumbs_links_hover_color":"","ocean_display_footer_widgets":"default","ocean_display_footer_bottom":"default","ocean_custom_footer_template":"0","footnotes":""},"class_list":["post-21","page","type-page","status-publish","hentry","entry"],"_links":{"self":[{"href":"https:\/\/lionsclubpirna.de\/index.php\/wp-json\/wp\/v2\/pages\/21","targetHints":{"allow":["GET"]}}],"collection":[{"href":"https:\/\/lionsclubpirna.de\/index.php\/wp-json\/wp\/v2\/pages"}],"about":[{"href":"https:\/\/lionsclubpirna.de\/index.php\/wp-json\/wp\/v2\/types\/page"}],"author":[{"embeddable":true,"href":"https:\/\/lionsclubpirna.de\/index.php\/wp-json\/wp\/v2\/users\/1"}],"replies":[{"embeddable":true,"href":"https:\/\/lionsclubpirna.de\/index.php\/wp-json\/wp\/v2\/comments?post=21"}],"version-history":[{"count":9,"href":"https:\/\/lionsclubpirna.de\/index.php\/wp-json\/wp\/v2\/pages\/21\/revisions"}],"predecessor-version":[{"id":165,"href":"https:\/\/lionsclubpirna.de\/index.php\/wp-json\/wp\/v2\/pages\/21\/revisions\/165"}],"wp:attachment":[{"href":"https:\/\/lionsclubpirna.de\/index.php\/wp-json\/wp\/v2\/media?parent=21"}],"curies":[{"name":"wp","href":"https:\/\/api.w.org\/{rel}","templated":true}]}}