{"id":180,"date":"2019-09-11T13:04:29","date_gmt":"2019-09-11T13:04:29","guid":{"rendered":"http:\/\/lionsclubpirna.de\/?page_id=180"},"modified":"2022-11-07T13:20:25","modified_gmt":"2022-11-07T13:20:25","slug":"lions-projekt-erlebnispunkt-fuer-die-pirna-steinpfade","status":"publish","type":"page","link":"https:\/\/lionsclubpirna.de\/index.php\/home\/lions-projekt-erlebnispunkt-fuer-die-pirna-steinpfade\/","title":{"rendered":"Lions Projekt: Erlebnispunkt f\u00fcr die \u201ePirna Steinpfade\u201c"},"content":{"rendered":"\t\t<div data-elementor-type=\"wp-page\" data-elementor-id=\"180\" class=\"elementor elementor-180\">\n\t\t\t\t\t\t<section class=\"elementor-section elementor-top-section elementor-element elementor-element-c4bfab6 elementor-section-boxed elementor-section-height-default elementor-section-height-default\" data-id=\"c4bfab6\" data-element_type=\"section\" data-e-type=\"section\">\n\t\t\t\t\t\t<div class=\"elementor-container elementor-column-gap-default\">\n\t\t\t\t\t<div class=\"elementor-column elementor-col-100 elementor-top-column elementor-element elementor-element-969bf19\" data-id=\"969bf19\" data-element_type=\"column\" data-e-type=\"column\">\n\t\t\t<div class=\"elementor-widget-wrap elementor-element-populated\">\n\t\t\t\t\t\t<div class=\"elementor-element elementor-element-00929ce elementor-widget elementor-widget-heading\" data-id=\"00929ce\" data-element_type=\"widget\" data-e-type=\"widget\" data-widget_type=\"heading.default\">\n\t\t\t\t<div class=\"elementor-widget-container\">\n\t\t\t\t\t<h3 class=\"elementor-heading-title elementor-size-large\">Lions Club Pirna<\/h3>\t\t\t\t<\/div>\n\t\t\t\t<\/div>\n\t\t\t\t<div class=\"elementor-element elementor-element-caca62b elementor-widget elementor-widget-text-editor\" data-id=\"caca62b\" data-element_type=\"widget\" data-e-type=\"widget\" data-widget_type=\"text-editor.default\">\n\t\t\t\t<div class=\"elementor-widget-container\">\n\t\t\t\t\t\t\t\t\t<h2><img decoding=\"async\" class=\"size-medium wp-image-220 alignright\" src=\"https:\/\/lionsclubpirna.de\/wp-content\/uploads\/2019\/11\/Summstein_1-125x300.png\" alt=\"\" width=\"125\" height=\"300\" srcset=\"https:\/\/lionsclubpirna.de\/wp-content\/uploads\/2019\/11\/Summstein_1-125x300.png 125w, https:\/\/lionsclubpirna.de\/wp-content\/uploads\/2019\/11\/Summstein_1-768x1841.png 768w, https:\/\/lionsclubpirna.de\/wp-content\/uploads\/2019\/11\/Summstein_1-427x1024.png 427w, https:\/\/lionsclubpirna.de\/wp-content\/uploads\/2019\/11\/Summstein_1.png 872w\" sizes=\"(max-width: 125px) 100vw, 125px\" \/><\/h2><h2><strong>Lions Projekt:<\/strong><\/h2><h2><strong> Erlebnispunkt f\u00fcr die \u201ePirnaer Steinpfade\u201c<\/strong><\/h2><p>Der Lionsclub Pirna hat das Projekt \u201ePirnaer Steinpfade\u201c schon mehrfach unterst\u00fctzt. Vor allem der Spielplatz an der Elbe als erster Erlebnispunkt dieses Vorhabens wurde durch den Lionsclub Pirna nach dem Hochwasser ma\u00dfgeblich durch angeworbene Spenden und in Eigenleistung realisiert. Die bunten Steine in den Fu\u00dfwegen der Stadt sollen die Kinder und ihre Eltern zu weiteren neuen Erlebnispunkten f\u00fchren. Da noch nicht alle Punkte geschaffen wurden, hat sich der Lionsclub Pirna entschieden, den Summstein vor der Kirche St. Kunigunde zu realisieren. Nach verschiedenen Planungen steht nun der Entwurf fest, welcher hier abgebildet ist.<\/p><p>Die S\u00e4chsischen Sandsteinwerke Pirna konnten schon f\u00fcr die Bereitstellung des Materials gewonnen werden. Daf\u00fcr \u201eHerzlichen Dank\u201c!<\/p><p>Nachdem Material und Planung bereit stehen, bitten wir Sie um eine Spende zur Realisierung dieses au\u00dferordentlichen Projektes, um so nun bald einen weiteren besonderen Platz in der Stadt Pirna schaffen zu k\u00f6nnen.<\/p><p>Danke f\u00fcr Ihre Unterst\u00fctzung!<\/p><p><img fetchpriority=\"high\" decoding=\"async\" class=\"alignnone size-medium wp-image-184\" src=\"https:\/\/lionsclubpirna.de\/wp-content\/uploads\/2019\/09\/Summstein-283x300.png\" alt=\"\" width=\"283\" height=\"300\" srcset=\"https:\/\/lionsclubpirna.de\/wp-content\/uploads\/2019\/09\/Summstein-283x300.png 283w, https:\/\/lionsclubpirna.de\/wp-content\/uploads\/2019\/09\/Summstein.png 669w\" sizes=\"(max-width: 283px) 100vw, 283px\" \/><\/p><div>\u00a0<\/div><div>\u00a0<\/div><div>\u00a0<\/div><div>\u00a0<\/div><div>\u00a0<\/div>\t\t\t\t\t\t\t\t<\/div>\n\t\t\t\t<\/div>\n\t\t\t\t\t<\/div>\n\t\t<\/div>\n\t\t\t\t\t<\/div>\n\t\t<\/section>\n\t\t\t\t<\/div>\n\t\t","protected":false},"excerpt":{"rendered":"<p>Lions Club Pirna Lions Projekt: Erlebnispunkt f\u00fcr die \u201ePirnaer Steinpfade\u201c Der Lionsclub Pirna hat das Projekt \u201ePirnaer Steinpfade\u201c schon mehrfach unterst\u00fctzt. Vor allem der Spielplatz an der Elbe als erster [&hellip;]<\/p>\n","protected":false},"author":2,"featured_media":0,"parent":5,"menu_order":0,"comment_status":"closed","ping_status":"closed","template":"","meta":{"_bbp_topic_count":0,"_bbp_reply_count":0,"_bbp_total_topic_count":0,"_bbp_total_reply_count":0,"_bbp_voice_count":0,"_bbp_anonymous_reply_count":0,"_bbp_topic_count_hidden":0,"_bbp_reply_count_hidden":0,"_bbp_forum_subforum_count":0,"ocean_post_layout":"full-screen","ocean_both_sidebars_style":"","ocean_both_sidebars_content_width":0,"ocean_both_sidebars_sidebars_width":0,"ocean_sidebar":"0","ocean_second_sidebar":"0","ocean_disable_margins":"enable","ocean_add_body_class":"","ocean_shortcode_before_top_bar":"","ocean_shortcode_after_top_bar":"","ocean_shortcode_before_header":"","ocean_shortcode_after_header":"","ocean_has_shortcode":"","ocean_shortcode_after_title":"","ocean_shortcode_before_footer_widgets":"","ocean_shortcode_after_footer_widgets":"","ocean_shortcode_before_footer_bottom":"","ocean_shortcode_after_footer_bottom":"","ocean_display_top_bar":"off","ocean_display_header":"default","ocean_header_style":"","ocean_center_header_left_menu":"0","ocean_custom_header_template":"0","ocean_custom_logo":0,"ocean_custom_retina_logo":0,"ocean_custom_logo_max_width":0,"ocean_custom_logo_tablet_max_width":0,"ocean_custom_logo_mobile_max_width":0,"ocean_custom_logo_max_height":0,"ocean_custom_logo_tablet_max_height":0,"ocean_custom_logo_mobile_max_height":0,"ocean_header_custom_menu":"0","ocean_menu_typo_font_family":"0","ocean_menu_typo_font_subset":"","ocean_menu_typo_font_size":0,"ocean_menu_typo_font_size_tablet":0,"ocean_menu_typo_font_size_mobile":0,"ocean_menu_typo_font_size_unit":"px","ocean_menu_typo_font_weight":"","ocean_menu_typo_font_weight_tablet":"","ocean_menu_typo_font_weight_mobile":"","ocean_menu_typo_transform":"","ocean_menu_typo_transform_tablet":"","ocean_menu_typo_transform_mobile":"","ocean_menu_typo_line_height":0,"ocean_menu_typo_line_height_tablet":0,"ocean_menu_typo_line_height_mobile":0,"ocean_menu_typo_line_height_unit":"","ocean_menu_typo_spacing":0,"ocean_menu_typo_spacing_tablet":0,"ocean_menu_typo_spacing_mobile":0,"ocean_menu_typo_spacing_unit":"","ocean_menu_link_color":"","ocean_menu_link_color_hover":"","ocean_menu_link_color_active":"","ocean_menu_link_background":"","ocean_menu_link_hover_background":"","ocean_menu_link_active_background":"","ocean_menu_social_links_bg":"","ocean_menu_social_hover_links_bg":"","ocean_menu_social_links_color":"","ocean_menu_social_hover_links_color":"","ocean_disable_title":"on","ocean_disable_heading":"default","ocean_post_title":"","ocean_post_subheading":"","ocean_post_title_style":"","ocean_post_title_background_color":"","ocean_post_title_background":0,"ocean_post_title_bg_image_position":"","ocean_post_title_bg_image_attachment":"","ocean_post_title_bg_image_repeat":"","ocean_post_title_bg_image_size":"","ocean_post_title_height":0,"ocean_post_title_bg_overlay":0.5,"ocean_post_title_bg_overlay_color":"","ocean_disable_breadcrumbs":"default","ocean_breadcrumbs_color":"","ocean_breadcrumbs_separator_color":"","ocean_breadcrumbs_links_color":"","ocean_breadcrumbs_links_hover_color":"","ocean_display_footer_widgets":"default","ocean_display_footer_bottom":"default","ocean_custom_footer_template":"0","footnotes":""},"class_list":["post-180","page","type-page","status-publish","hentry","entry"],"_links":{"self":[{"href":"https:\/\/lionsclubpirna.de\/index.php\/wp-json\/wp\/v2\/pages\/180","targetHints":{"allow":["GET"]}}],"collection":[{"href":"https:\/\/lionsclubpirna.de\/index.php\/wp-json\/wp\/v2\/pages"}],"about":[{"href":"https:\/\/lionsclubpirna.de\/index.php\/wp-json\/wp\/v2\/types\/page"}],"author":[{"embeddable":true,"href":"https:\/\/lionsclubpirna.de\/index.php\/wp-json\/wp\/v2\/users\/2"}],"replies":[{"embeddable":true,"href":"https:\/\/lionsclubpirna.de\/index.php\/wp-json\/wp\/v2\/comments?post=180"}],"version-history":[{"count":32,"href":"https:\/\/lionsclubpirna.de\/index.php\/wp-json\/wp\/v2\/pages\/180\/revisions"}],"predecessor-version":[{"id":887,"href":"https:\/\/lionsclubpirna.de\/index.php\/wp-json\/wp\/v2\/pages\/180\/revisions\/887"}],"up":[{"embeddable":true,"href":"https:\/\/lionsclubpirna.de\/index.php\/wp-json\/wp\/v2\/pages\/5"}],"wp:attachment":[{"href":"https:\/\/lionsclubpirna.de\/index.php\/wp-json\/wp\/v2\/media?parent=180"}],"curies":[{"name":"wp","href":"https:\/\/api.w.org\/{rel}","templated":true}]}}